{"id":62,"date":"2017-11-18T18:20:21","date_gmt":"2017-11-18T18:20:21","guid":{"rendered":"http:\/\/leinwandmieten.at\/?page_id=62"},"modified":"2019-10-22T10:27:24","modified_gmt":"2019-10-22T10:27:24","slug":"3-100-ansi-hd-ultra-kurzdistanz-wien","status":"publish","type":"page","link":"https:\/\/leinwandmieten.at\/?page_id=62","title":{"rendered":"3.100 ANSI Lumen Ultra-Short"},"content":{"rendered":"<h1>3.100 ANSI Lumen HD Beamer Verleih in Wien. Ultra Kurzdistanz Beamer!<\/h1>\n<p>Beamer mieten direkt in Wien. Mit diesem NEC NP310 HD Beamer aus unserem Verleih in Wien gehen Sie nicht auf Distanz. Aus weniger als einem Meter Entfernung erzielt dieser Ultra-Kurzdistanz HD Beamer bereits eine Bildbreite von 3 Metern!<\/p>\n<figure id=\"attachment_109\" aria-describedby=\"caption-attachment-109\" style=\"width: 480px\" class=\"wp-caption alignnone\"><img loading=\"lazy\" decoding=\"async\" class=\"size-full wp-image-109\" src=\"https:\/\/leinwandmieten.at\/wp-content\/uploads\/2017\/11\/NP310.png\" alt=\"\" width=\"480\" height=\"480\" srcset=\"https:\/\/leinwandmieten.at\/wp-content\/uploads\/2017\/11\/NP310.png 480w, https:\/\/leinwandmieten.at\/wp-content\/uploads\/2017\/11\/NP310-150x150.png 150w, https:\/\/leinwandmieten.at\/wp-content\/uploads\/2017\/11\/NP310-300x300.png 300w, https:\/\/leinwandmieten.at\/wp-content\/uploads\/2017\/11\/NP310-100x100.png 100w\" sizes=\"auto, (max-width: 480px) 100vw, 480px\" \/><figcaption id=\"caption-attachment-109\" class=\"wp-caption-text\">NEC Ultrakurzdistanz Beamer in Wien. 3.100 ANSI Lumen und HD Aufl\u00f6sung!<\/figcaption><\/figure>\n<p>Abgesehen davon, dass dieser bei uns in Wien im Verleih erh\u00e4ltliche Kurzdistanzbeamer mit 3.100 ANSI Lumen au\u00dferordentlich hell ist, bietet das Ger\u00e4t auch eine hohe HD Aufl\u00f6sung. Durch den HDMI Port kann das Signal digital und verlustfrei zugespielt werden. Herk\u00f6mmliche Quellen k\u00f6nnen aber auch analog \u00fcber den VGA Port oder die Videoeing\u00e4nge zugespielt werden.<\/p>\n<h2>Kurzdistanz Beamer mit bis zu 6.000 ANSI mieten?<\/h2>\n<p>Wenn Sie doch etwas mehr Lichtleistung ben\u00f6tigen, kann ein <a href=\"_wp_link_placeholder\" data-wplink-edit=\"true\">Panasonic PT-DW6300 <\/a>mit seinen 6.000 ANSI Lumen vielleicht eine Option sein? Mit diesem Kurzdistanz Beamer aus unserem Verleih kommen Sie zwar nicht ganz so nahe heran, wie mit dem NEC-NP310UW.\u00a0 Mit dem verf\u00fcgbaren Weitwinkelobjektiv erzielt der PT-DW6300 aber dennoch ein beachtliches Projektionsverh\u00e4ltnis von nur 0.8:1.<\/p>\n<p>Passende Leinwand dazu? <a href=\"https:\/\/leinwandmieten.at\/?page_id=38\" target=\"_blank\" rel=\"noopener noreferrer\">Leinwand 2,8 x 2,10 Meter Aufprojektion<\/a>, <a href=\"https:\/\/leinwandmieten.at\/?page_id=83\" target=\"_blank\" rel=\"noopener noreferrer\">Leinwand 2,80 x 2,10 Meter R\u00fcckprojektion<\/a>. Weiteres Zubeh\u00f6r im Bereich <a href=\"https:\/\/leinwandmieten.at\/?page_id=22\" target=\"_blank\" rel=\"noopener noreferrer\">AV-Technik \/ Zubeh\u00f6r.<\/a><\/p>\n<p>Ger\u00e4tebezeichnung: NEC NP-U310W<\/p>\n<p>Tagesmietpreis: 112,00 Euro<\/p>\n","protected":false},"excerpt":{"rendered":"<p>3.100 ANSI Lumen HD Beamer Verleih in Wien. Ultra Kurzdistanz Beamer! Beamer mieten direkt in Wien. Mit diesem NEC NP310 HD Beamer aus unserem Verleih in Wien gehen Sie nicht auf Distanz. Aus weniger als einem Meter Entfernung erzielt dieser Ultra-Kurzdistanz HD Beamer bereits eine Bildbreite von 3 Metern! Abgesehen davon, dass dieser bei uns &hellip; <\/p>\n<p class=\"link-more\"><a href=\"https:\/\/leinwandmieten.at\/?page_id=62\" class=\"more-link\"><span class=\"screen-reader-text\">\u201e3.100 ANSI Lumen Ultra-Short\u201c<\/span> weiterlesen<\/a><\/p>\n","protected":false},"author":1,"featured_media":0,"parent":0,"menu_order":0,"comment_status":"closed","ping_status":"closed","template":"","meta":{"_exactmetrics_skip_tracking":false,"_exactmetrics_sitenote_active":false,"_exactmetrics_sitenote_note":"","_exactmetrics_sitenote_category":0,"footnotes":""},"class_list":["post-62","page","type-page","status-publish","hentry"],"aioseo_notices":[],"_links":{"self":[{"href":"https:\/\/leinwandmieten.at\/index.php?rest_route=\/wp\/v2\/pages\/62","targetHints":{"allow":["GET"]}}],"collection":[{"href":"https:\/\/leinwandmieten.at\/index.php?rest_route=\/wp\/v2\/pages"}],"about":[{"href":"https:\/\/leinwandmieten.at\/index.php?rest_route=\/wp\/v2\/types\/page"}],"author":[{"embeddable":true,"href":"https:\/\/leinwandmieten.at\/index.php?rest_route=\/wp\/v2\/users\/1"}],"replies":[{"embeddable":true,"href":"https:\/\/leinwandmieten.at\/index.php?rest_route=%2Fwp%2Fv2%2Fcomments&post=62"}],"version-history":[{"count":7,"href":"https:\/\/leinwandmieten.at\/index.php?rest_route=\/wp\/v2\/pages\/62\/revisions"}],"predecessor-version":[{"id":356,"href":"https:\/\/leinwandmieten.at\/index.php?rest_route=\/wp\/v2\/pages\/62\/revisions\/356"}],"wp:attachment":[{"href":"https:\/\/leinwandmieten.at\/index.php?rest_route=%2Fwp%2Fv2%2Fmedia&parent=62"}],"curies":[{"name":"wp","href":"https:\/\/api.w.org\/{rel}","templated":true}]}}