{"id":59,"date":"2017-11-18T18:20:20","date_gmt":"2017-11-18T18:20:20","guid":{"rendered":"http:\/\/leinwandmieten.at\/?page_id=59"},"modified":"2019-10-22T10:45:38","modified_gmt":"2019-10-22T10:45:38","slug":"8-000-ansi-hd-beamer-verleih-wien","status":"publish","type":"page","link":"https:\/\/leinwandmieten.at\/?page_id=59","title":{"rendered":"8.000 ANSI Lumen HD"},"content":{"rendered":"<h1>8.000 ANSI Lumen Beamer Verleih f\u00fcr gro\u00dfe Bilder in Wien!<\/h1>\n<p>Direkt im Zentrum von Wien mieten Sie bei uns professionelle Beamer f\u00fcr professionelle Anwendungen. Mit 8.000 ANSI Lumen bietet dieser Digitalprojektor aus unserem Verleih in Wien ausreichend Helligkeit. Auch f\u00fcr \u00fcberdimensionale Bilder.<\/p>\n<figure id=\"attachment_100\" aria-describedby=\"caption-attachment-100\" style=\"width: 450px\" class=\"wp-caption alignnone\"><img loading=\"lazy\" decoding=\"async\" class=\"size-full wp-image-100\" src=\"https:\/\/leinwandmieten.at\/wp-content\/uploads\/2017\/11\/1010Titan.1.jpg\" alt=\"\" width=\"450\" height=\"281\" srcset=\"https:\/\/leinwandmieten.at\/wp-content\/uploads\/2017\/11\/1010Titan.1.jpg 450w, https:\/\/leinwandmieten.at\/wp-content\/uploads\/2017\/11\/1010Titan.1-300x187.jpg 300w\" sizes=\"auto, (max-width: 450px) 100vw, 450px\" \/><figcaption id=\"caption-attachment-100\" class=\"wp-caption-text\">DigitalProjection HD600: HD Projektor mit 8.000 ANSI Lumen!<\/figcaption><\/figure>\n<p>Der DigitalProjection Titan HD600 ist dank seiner hohen 16:9 Panelaufl\u00f6sung von 1280 mal 720 Bildpunkten voll HD f\u00e4hig. Durch die digitalen und analogen Anschl\u00fcsse kann das Ger\u00e4t an unterschiedlichste Signalquellen angeschlossen werden. Mit Hilfe der passenden Optik kann der Beamer n\u00e4her oder weiter entfernt zur Leinwand platziert werden.<\/p>\n<p>Passende Leinwand dazu?\u00a0<a href=\"https:\/\/leinwandmieten.at\/?page_id=37\" target=\"_blank\" rel=\"noopener noreferrer\">Leinwand 4 x 2,34 Meter Aufprojektion<\/a>, <a href=\"https:\/\/leinwandmieten.at\/?page_id=48\" target=\"_blank\" rel=\"noopener noreferrer\">Leinwand 4 x 2,34 Meter R\u00fcckprojektion,<\/a> <a href=\"https:\/\/leinwandmieten.at\/?page_id=38\" target=\"_blank\" rel=\"noopener noreferrer\">Leinwand 2,80 x 2,10 Meter Aufprojektion<\/a>, <a href=\"https:\/\/leinwandmieten.at\/?page_id=83\" target=\"_blank\" rel=\"noopener noreferrer\">Leinwand 2,80 x 2,102 Meter R\u00fcckprojektion<\/a>. Weiteres Zubeh\u00f6r im Bereich <a href=\"https:\/\/leinwandmieten.at\/?page_id=22\" target=\"_blank\" rel=\"noopener noreferrer\">AV-Technik \/ Zubeh\u00f6r.<\/a><\/p>\n<p>Ger\u00e4tebezeichnung: DIGITAL-PROJECTION TITAN-HD600<\/p>\n<p>Achtung: Objektive nach Bedarf.<\/p>\n<p>Tagesmietpreis: 387,00 Euro<\/p>\n<p><strong><em><a href=\"http:\/\/beamermieten.at\/kontakt-impressum\/\" target=\"_blank\" rel=\"noopener noreferrer\">Kontaktieren Sie uns!<\/a><\/em><\/strong><\/p>\n","protected":false},"excerpt":{"rendered":"<p>8.000 ANSI Lumen Beamer Verleih f\u00fcr gro\u00dfe Bilder in Wien! Direkt im Zentrum von Wien mieten Sie bei uns professionelle Beamer f\u00fcr professionelle Anwendungen. Mit 8.000 ANSI Lumen bietet dieser Digitalprojektor aus unserem Verleih in Wien ausreichend Helligkeit. Auch f\u00fcr \u00fcberdimensionale Bilder. Der DigitalProjection Titan HD600 ist dank seiner hohen 16:9 Panelaufl\u00f6sung von 1280 mal &hellip; <\/p>\n<p class=\"link-more\"><a href=\"https:\/\/leinwandmieten.at\/?page_id=59\" class=\"more-link\"><span class=\"screen-reader-text\">\u201e8.000 ANSI Lumen HD\u201c<\/span> weiterlesen<\/a><\/p>\n","protected":false},"author":1,"featured_media":0,"parent":0,"menu_order":0,"comment_status":"closed","ping_status":"closed","template":"","meta":{"_exactmetrics_skip_tracking":false,"_exactmetrics_sitenote_active":false,"_exactmetrics_sitenote_note":"","_exactmetrics_sitenote_category":0,"footnotes":""},"class_list":["post-59","page","type-page","status-publish","hentry"],"aioseo_notices":[],"_links":{"self":[{"href":"https:\/\/leinwandmieten.at\/index.php?rest_route=\/wp\/v2\/pages\/59","targetHints":{"allow":["GET"]}}],"collection":[{"href":"https:\/\/leinwandmieten.at\/index.php?rest_route=\/wp\/v2\/pages"}],"about":[{"href":"https:\/\/leinwandmieten.at\/index.php?rest_route=\/wp\/v2\/types\/page"}],"author":[{"embeddable":true,"href":"https:\/\/leinwandmieten.at\/index.php?rest_route=\/wp\/v2\/users\/1"}],"replies":[{"embeddable":true,"href":"https:\/\/leinwandmieten.at\/index.php?rest_route=%2Fwp%2Fv2%2Fcomments&post=59"}],"version-history":[{"count":6,"href":"https:\/\/leinwandmieten.at\/index.php?rest_route=\/wp\/v2\/pages\/59\/revisions"}],"predecessor-version":[{"id":361,"href":"https:\/\/leinwandmieten.at\/index.php?rest_route=\/wp\/v2\/pages\/59\/revisions\/361"}],"wp:attachment":[{"href":"https:\/\/leinwandmieten.at\/index.php?rest_route=%2Fwp%2Fv2%2Fmedia&parent=59"}],"curies":[{"name":"wp","href":"https:\/\/api.w.org\/{rel}","templated":true}]}}