{"id":56,"date":"2017-11-18T18:20:19","date_gmt":"2017-11-18T18:20:19","guid":{"rendered":"http:\/\/leinwandmieten.at\/?page_id=56"},"modified":"2019-10-22T09:39:54","modified_gmt":"2019-10-22T09:39:54","slug":"12-000-ansi-hd-beamer-verleih-wien","status":"publish","type":"page","link":"https:\/\/leinwandmieten.at\/?page_id=56","title":{"rendered":"12.000 ANSI Lumen HD"},"content":{"rendered":"<h1><em><strong>Direkt in Wien mieten. 12.000 ANSI Lumen f\u00fcr helle K\u00f6pfe.<\/strong><\/em><\/h1>\n<p>Bei uns in Wien bieten wir Videoprojektoren unterschiedlicher Leistungsklassen zum Verleih: Je nach Bedarf mieten Sie bei uns Beamer mit Lichtleistungen zwischen 3.100 und bis zu 20.000 ANSI Lumen.<\/p>\n<figure id=\"attachment_88\" aria-describedby=\"caption-attachment-88\" style=\"width: 525px\" class=\"wp-caption alignnone\"><img loading=\"lazy\" decoding=\"async\" class=\"wp-image-88 size-large\" src=\"https:\/\/leinwandmieten.at\/wp-content\/uploads\/2017\/11\/BarcoR12b-1024x507.jpg\" alt=\"\" width=\"525\" height=\"260\" srcset=\"https:\/\/leinwandmieten.at\/wp-content\/uploads\/2017\/11\/BarcoR12b-1024x507.jpg 1024w, https:\/\/leinwandmieten.at\/wp-content\/uploads\/2017\/11\/BarcoR12b-300x149.jpg 300w, https:\/\/leinwandmieten.at\/wp-content\/uploads\/2017\/11\/BarcoR12b-768x380.jpg 768w, https:\/\/leinwandmieten.at\/wp-content\/uploads\/2017\/11\/BarcoR12b.jpg 1600w\" sizes=\"auto, (max-width: 525px) 100vw, 525px\" \/><figcaption id=\"caption-attachment-88\" class=\"wp-caption-text\">Barco SLM-R12: 12.000 ANSI Lumen Beamer in Wien!<\/figcaption><\/figure>\n<p>Mit unserem BARCO SLM-R12+ entscheiden Sie sich in Wien f\u00fcr ein hochwertiges Ger\u00e4t der 10.000 ANSI Lumen Klasse. Dabei punktet dieser BARCO-Projektor mit enormer Helligkeit und hoher HD-Aufl\u00f6sung.<\/p>\n<p>Dieser Projektor verf\u00fcgt \u00fcber digitale und analoge Anschl\u00fcsse. SDI, DVI, VGA, Netzwerk, Video und andere. Durch die Wechselobjektivfassung sowie die verschiedenen bei uns in Wien erh\u00e4ltichen Objektive kann dieses Ger\u00e4t an unterschiedliche Erfordernisse angepasst werden.<\/p>\n<p>Passende Leinwand dazu? <a href=\"https:\/\/leinwandmieten.at\/?page_id=37\" target=\"_blank\" rel=\"noopener noreferrer\">Leinwand 4 x 2,34 Meter Aufprojektion<\/a>, <a href=\"https:\/\/leinwandmieten.at\/?page_id=48\" target=\"_blank\" rel=\"noopener noreferrer\">Leinwand 4 x 2,34 Meter R\u00fcckprojektion<\/a>. Weiteres Zubeh\u00f6r im Bereich <a href=\"https:\/\/leinwandmieten.at\/?page_id=22\" target=\"_blank\" rel=\"noopener noreferrer\">AV-Technik \/ Zubeh\u00f6r.<\/a><\/p>\n<p>Ger\u00e4tebezeichnung: BARCO SLM-R12+<\/p>\n<p><em>Tagesmietpreis: 537,00 Euro<br \/>\n<\/em><\/p>\n<p><a href=\"https:\/\/leinwandmieten.at\/?page_id=9\" target=\"_blank\" rel=\"noopener noreferrer\">Kontaktieren Sie uns!<\/a><\/p>\n","protected":false},"excerpt":{"rendered":"<p>Direkt in Wien mieten. 12.000 ANSI Lumen f\u00fcr helle K\u00f6pfe. Bei uns in Wien bieten wir Videoprojektoren unterschiedlicher Leistungsklassen zum Verleih: Je nach Bedarf mieten Sie bei uns Beamer mit Lichtleistungen zwischen 3.100 und bis zu 20.000 ANSI Lumen. Mit unserem BARCO SLM-R12+ entscheiden Sie sich in Wien f\u00fcr ein hochwertiges Ger\u00e4t der 10.000 ANSI &hellip; <\/p>\n<p class=\"link-more\"><a href=\"https:\/\/leinwandmieten.at\/?page_id=56\" class=\"more-link\"><span class=\"screen-reader-text\">\u201e12.000 ANSI Lumen HD\u201c<\/span> weiterlesen<\/a><\/p>\n","protected":false},"author":1,"featured_media":0,"parent":0,"menu_order":0,"comment_status":"closed","ping_status":"closed","template":"","meta":{"_exactmetrics_skip_tracking":false,"_exactmetrics_sitenote_active":false,"_exactmetrics_sitenote_note":"","_exactmetrics_sitenote_category":0,"footnotes":""},"class_list":["post-56","page","type-page","status-publish","hentry"],"aioseo_notices":[],"_links":{"self":[{"href":"https:\/\/leinwandmieten.at\/index.php?rest_route=\/wp\/v2\/pages\/56","targetHints":{"allow":["GET"]}}],"collection":[{"href":"https:\/\/leinwandmieten.at\/index.php?rest_route=\/wp\/v2\/pages"}],"about":[{"href":"https:\/\/leinwandmieten.at\/index.php?rest_route=\/wp\/v2\/types\/page"}],"author":[{"embeddable":true,"href":"https:\/\/leinwandmieten.at\/index.php?rest_route=\/wp\/v2\/users\/1"}],"replies":[{"embeddable":true,"href":"https:\/\/leinwandmieten.at\/index.php?rest_route=%2Fwp%2Fv2%2Fcomments&post=56"}],"version-history":[{"count":7,"href":"https:\/\/leinwandmieten.at\/index.php?rest_route=\/wp\/v2\/pages\/56\/revisions"}],"predecessor-version":[{"id":335,"href":"https:\/\/leinwandmieten.at\/index.php?rest_route=\/wp\/v2\/pages\/56\/revisions\/335"}],"wp:attachment":[{"href":"https:\/\/leinwandmieten.at\/index.php?rest_route=%2Fwp%2Fv2%2Fmedia&parent=56"}],"curies":[{"name":"wp","href":"https:\/\/api.w.org\/{rel}","templated":true}]}}