{"id":55,"date":"2017-11-18T18:20:19","date_gmt":"2017-11-18T18:20:19","guid":{"rendered":"http:\/\/leinwandmieten.at\/?page_id=55"},"modified":"2019-10-22T10:12:23","modified_gmt":"2019-10-22T10:12:23","slug":"20-000-ansi-full-hd-beamer-verleih-wien","status":"publish","type":"page","link":"https:\/\/leinwandmieten.at\/?page_id=55","title":{"rendered":"20.000 ANSI Lumen FullHD"},"content":{"rendered":"<h1><em><strong>20.000 ANSI Lumen direkt in Wien mieten. F\u00fcr wirklich gro\u00dfe Projektionen!<\/strong><\/em><\/h1>\n<p>Mieten Sie bei uns in Wien den BARCO FLM-HD20 Videoprojektor mit 20.000 ANSI Lumen. Die enorme Helligkeit dieses Beamer gemeinsam mit der extrem hohen Full HD Aufl\u00f6sung sind der Garant f\u00fcr brilliante Bilder.<\/p>\n<figure id=\"attachment_92\" aria-describedby=\"caption-attachment-92\" style=\"width: 771px\" class=\"wp-caption alignnone\"><img loading=\"lazy\" decoding=\"async\" class=\"wp-image-92 size-full\" src=\"https:\/\/leinwandmieten.at\/wp-content\/uploads\/2017\/11\/BarcoFLMHD20.jpg\" alt=\"\" width=\"771\" height=\"503\" srcset=\"https:\/\/leinwandmieten.at\/wp-content\/uploads\/2017\/11\/BarcoFLMHD20.jpg 771w, https:\/\/leinwandmieten.at\/wp-content\/uploads\/2017\/11\/BarcoFLMHD20-300x196.jpg 300w, https:\/\/leinwandmieten.at\/wp-content\/uploads\/2017\/11\/BarcoFLMHD20-768x501.jpg 768w\" sizes=\"auto, (max-width: 767px) 89vw, (max-width: 1000px) 54vw, (max-width: 1071px) 543px, 580px\" \/><figcaption id=\"caption-attachment-92\" class=\"wp-caption-text\">BARCO FLM-HD20. 20.000 ANSI Lumen Beamer. Verleih in Wien!<\/figcaption><\/figure>\n<p>Wir haben f\u00fcr diesen 20.000 ANSI Lumen Projektor in Wien unterschiedliche Wechselobjektive zur Verf\u00fcgung. Je nach Linse kann das Ger\u00e4t n\u00e4her oder weiter von der Leinwand entfernt stehen. Bei normalen Lichtbedingungen k\u00f6nnen Sie mit diesem Beamer Bilddiagonalen von 8-10 Metern erzielen.<\/p>\n<p>Durch seine brachiale Lichtst\u00e4rke eignet sich der bei uns in Wien erh\u00e4ltliche Videobeamer ideal auch f\u00fcr Open Air Anwendungen. Sogar Public Viewing Veranstaltungen lassen sich gut realisieren.<\/p>\n<h2><em><strong>Beamer Verleih in Wien &#8211; 20.000 ANSI Lumen, vielf\u00e4ltige Anschl\u00fcsse!<\/strong><\/em><\/h2>\n<p>Neben der hohen Lichtleistung von 20.000 ANSI Lumen verf\u00fcgt der FLM-HD20 aus unserem Verleih in Wien \u00fcber alle Anschl\u00fcsse, die Sie von einem modernen Ger\u00e4t der obersten Leistungsklasse erwarten. SDI, DVI, RGBHV, Video, Netzwerk, &#8230;<\/p>\n<p>Beachten Sie bitte, dass zum Betrieb dieses Projektors gehobene Anspr\u00fcche an die Umgebung gestellt werden. Kontaktieren Sie uns bei allgemeinen Fragen und zu n\u00e4heren Details!<\/p>\n<p>Passende Leinwand dazu? <a href=\"https:\/\/leinwandmieten.at\/?page_id=293\">Leinwand 6 x 3,38 Meter Aufprojektion<\/a>, <a href=\"https:\/\/leinwandmieten.at\/?page_id=294\">Leinwand 6 x 3,38 Meter R\u00fcckprojektion<\/a>, <a href=\"https:\/\/leinwandmieten.at\/?page_id=37\" target=\"_blank\" rel=\"noopener noreferrer\">Leinwand 4 x 2,34 Meter Aufprojektion<\/a>, <a href=\"https:\/\/leinwandmieten.at\/?page_id=48\" target=\"_blank\" rel=\"noopener noreferrer\">Leinwand 4 x 2,34 Meter R\u00fcckprojektion<\/a>. Weiteres Zubeh\u00f6r im Bereich <a href=\"https:\/\/leinwandmieten.at\/?page_id=22\" target=\"_blank\" rel=\"noopener noreferrer\">AV-Technik \/ Zubeh\u00f6r.<\/a><\/p>\n<p>Ger\u00e4tebezeichnung: BARCO FLM HD20<\/p>\n<p>Objektive: Nach Bedarf &#8211; Abh\u00e4ngig von Bildgr\u00f6\u00dfe \/ Entfernung<\/p>\n<p><em>Tagesmietpreis: 967,00 Euro<\/em><\/p>\n\n\n<p><strong><a href=\"https:\/\/leinwandmieten.at\/?page_id=9\" target=\"_blank\" rel=\"noreferrer noopener\" aria-label=\"Kontaktieren Sie uns! (\u00f6ffnet in neuem Tab)\">Kontaktieren Sie uns!<\/a><\/strong><\/p>\n","protected":false},"excerpt":{"rendered":"<p>20.000 ANSI Lumen direkt in Wien mieten. F\u00fcr wirklich gro\u00dfe Projektionen! Mieten Sie bei uns in Wien den BARCO FLM-HD20 Videoprojektor mit 20.000 ANSI Lumen. Die enorme Helligkeit dieses Beamer gemeinsam mit der extrem hohen Full HD Aufl\u00f6sung sind der Garant f\u00fcr brilliante Bilder. Wir haben f\u00fcr diesen 20.000 ANSI Lumen Projektor in Wien unterschiedliche &hellip; <\/p>\n<p class=\"link-more\"><a href=\"https:\/\/leinwandmieten.at\/?page_id=55\" class=\"more-link\"><span class=\"screen-reader-text\">\u201e20.000 ANSI Lumen FullHD\u201c<\/span> weiterlesen<\/a><\/p>\n","protected":false},"author":1,"featured_media":0,"parent":0,"menu_order":0,"comment_status":"closed","ping_status":"closed","template":"","meta":{"_exactmetrics_skip_tracking":false,"_exactmetrics_sitenote_active":false,"_exactmetrics_sitenote_note":"","_exactmetrics_sitenote_category":0,"footnotes":""},"class_list":["post-55","page","type-page","status-publish","hentry"],"aioseo_notices":[],"_links":{"self":[{"href":"https:\/\/leinwandmieten.at\/index.php?rest_route=\/wp\/v2\/pages\/55","targetHints":{"allow":["GET"]}}],"collection":[{"href":"https:\/\/leinwandmieten.at\/index.php?rest_route=\/wp\/v2\/pages"}],"about":[{"href":"https:\/\/leinwandmieten.at\/index.php?rest_route=\/wp\/v2\/types\/page"}],"author":[{"embeddable":true,"href":"https:\/\/leinwandmieten.at\/index.php?rest_route=\/wp\/v2\/users\/1"}],"replies":[{"embeddable":true,"href":"https:\/\/leinwandmieten.at\/index.php?rest_route=%2Fwp%2Fv2%2Fcomments&post=55"}],"version-history":[{"count":8,"href":"https:\/\/leinwandmieten.at\/index.php?rest_route=\/wp\/v2\/pages\/55\/revisions"}],"predecessor-version":[{"id":345,"href":"https:\/\/leinwandmieten.at\/index.php?rest_route=\/wp\/v2\/pages\/55\/revisions\/345"}],"wp:attachment":[{"href":"https:\/\/leinwandmieten.at\/index.php?rest_route=%2Fwp%2Fv2%2Fmedia&parent=55"}],"curies":[{"name":"wp","href":"https:\/\/api.w.org\/{rel}","templated":true}]}}