{"id":5,"date":"2017-11-18T18:05:44","date_gmt":"2017-11-18T18:05:44","guid":{"rendered":"http:\/\/leinwandmieten.at\/?page_id=5"},"modified":"2019-10-24T08:01:16","modified_gmt":"2019-10-24T08:01:16","slug":"beamer-verleih-wien","status":"publish","type":"page","link":"https:\/\/leinwandmieten.at\/?page_id=5","title":{"rendered":"Beamer Verleih"},"content":{"rendered":"\n<h1 class=\"wp-block-heading\"><em><strong>Beamer Verleih und Leinwand mieten in Wien. Bis zu 20.000 ANSI Lumen und FULL HD!<br><\/strong><\/em><\/h1>\n\n\n\n<p>Direkt ab Lager im Zentrum Wiens verleihen wir Leinw\u00e4nde und Beamer unterschiedlicher Leistungsprofile. Mieten Sie Ultra Kurzdistanzbeamer, klassische Office Ger\u00e4te und High End Veranstaltungsbeamer. Wir haben Modelle mit bis zu 20.000 ANSI Lumen und FULL HD Aufl\u00f6sung auf Lager.<\/p>\n\n\n\n<figure class=\"wp-block-image alignnone size-full wp-image-100\"><img loading=\"lazy\" decoding=\"async\" width=\"450\" height=\"281\" src=\"https:\/\/leinwandmieten.at\/wp-content\/uploads\/2017\/11\/1010Titan.1.jpg\" alt=\"\" class=\"wp-image-100\" srcset=\"https:\/\/leinwandmieten.at\/wp-content\/uploads\/2017\/11\/1010Titan.1.jpg 450w, https:\/\/leinwandmieten.at\/wp-content\/uploads\/2017\/11\/1010Titan.1-300x187.jpg 300w\" sizes=\"auto, (max-width: 450px) 100vw, 450px\" \/><figcaption>DigitalProjection Titan HD600. WXGA HD Projektor mit 8.000 ANSI Lumen!<\/figcaption><\/figure>\n\n\n\n<p>Jedes Szenario braucht individuelle L\u00f6sungen. Sprechen Sie mit uns \u00fcber den geplanten Einsatz von Beamer und Leinwand. Wir beraten Sie sowohl bei der Auswahl der Leinwand wie auch bei der Suche nach dem geeigneten Projektor.<\/p>\n\n\n\n<p>St\u00f6bern Sie in unserem Angebot. Informieren Sie sich auch auf <a href=\"http:\/\/www.beamermieten.at\" target=\"_blank\" rel=\"noopener noreferrer\">www.beamermieten.at <\/a>odder <a href=\"https:\/\/leinwandmieten.at\/?page_id=9\" target=\"_blank\" rel=\"noopener noreferrer\">kontaktieren Sie uns direkt!<\/a><\/p>\n","protected":false},"excerpt":{"rendered":"<p>Beamer Verleih und Leinwand mieten in Wien. Bis zu 20.000 ANSI Lumen und FULL HD! Direkt ab Lager im Zentrum Wiens verleihen wir Leinw\u00e4nde und Beamer unterschiedlicher Leistungsprofile. Mieten Sie Ultra Kurzdistanzbeamer, klassische Office Ger\u00e4te und High End Veranstaltungsbeamer. Wir haben Modelle mit bis zu 20.000 ANSI Lumen und FULL HD Aufl\u00f6sung auf Lager. Jedes &hellip; <\/p>\n<p class=\"link-more\"><a href=\"https:\/\/leinwandmieten.at\/?page_id=5\" class=\"more-link\"><span class=\"screen-reader-text\">\u201eBeamer Verleih\u201c<\/span> weiterlesen<\/a><\/p>\n","protected":false},"author":1,"featured_media":0,"parent":0,"menu_order":0,"comment_status":"closed","ping_status":"closed","template":"","meta":{"_exactmetrics_skip_tracking":false,"_exactmetrics_sitenote_active":false,"_exactmetrics_sitenote_note":"","_exactmetrics_sitenote_category":0,"footnotes":""},"class_list":["post-5","page","type-page","status-publish","hentry"],"aioseo_notices":[],"_links":{"self":[{"href":"https:\/\/leinwandmieten.at\/index.php?rest_route=\/wp\/v2\/pages\/5","targetHints":{"allow":["GET"]}}],"collection":[{"href":"https:\/\/leinwandmieten.at\/index.php?rest_route=\/wp\/v2\/pages"}],"about":[{"href":"https:\/\/leinwandmieten.at\/index.php?rest_route=\/wp\/v2\/types\/page"}],"author":[{"embeddable":true,"href":"https:\/\/leinwandmieten.at\/index.php?rest_route=\/wp\/v2\/users\/1"}],"replies":[{"embeddable":true,"href":"https:\/\/leinwandmieten.at\/index.php?rest_route=%2Fwp%2Fv2%2Fcomments&post=5"}],"version-history":[{"count":6,"href":"https:\/\/leinwandmieten.at\/index.php?rest_route=\/wp\/v2\/pages\/5\/revisions"}],"predecessor-version":[{"id":438,"href":"https:\/\/leinwandmieten.at\/index.php?rest_route=\/wp\/v2\/pages\/5\/revisions\/438"}],"wp:attachment":[{"href":"https:\/\/leinwandmieten.at\/index.php?rest_route=%2Fwp%2Fv2%2Fmedia&parent=5"}],"curies":[{"name":"wp","href":"https:\/\/api.w.org\/{rel}","templated":true}]}}