{"id":48,"date":"2017-11-18T18:15:07","date_gmt":"2017-11-18T18:15:07","guid":{"rendered":"http:\/\/leinwandmieten.at\/?page_id=48"},"modified":"2019-10-22T12:31:12","modified_gmt":"2019-10-22T12:31:12","slug":"rueckprojektion-leinwand-400x300-verleih-wien","status":"publish","type":"page","link":"https:\/\/leinwandmieten.at\/?page_id=48","title":{"rendered":"R\u00fcckprojektion 400 x 234 cm"},"content":{"rendered":"<h1>Leinwand Verleih in Wien &#8211; Mieten Sie eine R\u00fcckprojektionsleinwand im 16:9 Format mit 400&#215;234 cm!<\/h1>\n<p>Mieten Sie bei uns in Wien die passende Leinwand &#8211; im echten 16:9-Format! Hier im Verleih unsere 4,00 x 2,34 Meter gro\u00dfe Leinwand mit R\u00fcckprojektionstuch. Der Projektor steht also hinter der Leinwand, das Tuch ist transluzent. Die Leinwand mit Tuch f\u00fcr Frontprojektion finden Sie <a href=\"https:\/\/leinwandmieten.at\/?page_id=37\" target=\"_blank\" rel=\"noreferrer noopener\" aria-label=\" (\u00f6ffnet in neuem Tab)\">hier!<\/a><\/p>\n<figure id=\"attachment_114\" aria-describedby=\"caption-attachment-114\" style=\"width: 534px\" class=\"wp-caption alignnone\"><img loading=\"lazy\" decoding=\"async\" class=\"wp-image-114 size-full\" src=\"https:\/\/leinwandmieten.at\/wp-content\/uploads\/2017\/11\/Leinwand.png\" alt=\"\" width=\"534\" height=\"400\" srcset=\"https:\/\/leinwandmieten.at\/wp-content\/uploads\/2017\/11\/Leinwand.png 534w, https:\/\/leinwandmieten.at\/wp-content\/uploads\/2017\/11\/Leinwand-300x225.png 300w\" sizes=\"auto, (max-width: 534px) 100vw, 534px\" \/><figcaption id=\"caption-attachment-114\" class=\"wp-caption-text\">R\u00fcckprojektionsleinwand. Transportabel und dennoch gro\u00df mit 4,00&#215;2,34 Metern Bildfl\u00e4che.<\/figcaption><\/figure>\n<p>Wir empfehlen Beamer mit einer Lichtst\u00e4rke von zumindest 8.000 ANSI Lumen. Beispielsweise unsere Beamer mit einer Leistung von <a href=\"https:\/\/leinwandmieten.at\/?page_id=59\" target=\"_blank\" rel=\"noopener noreferrer\">8.000 ANSI Lumen<\/a>, <a href=\"https:\/\/leinwandmieten.at\/?page_id=58\" target=\"_blank\" rel=\"noopener noreferrer\">8.500 ANSI Lumen<\/a>, 10.600 ANSI Lumen, <a href=\"https:\/\/leinwandmieten.at\/?page_id=56\" target=\"_blank\" rel=\"noopener noreferrer\">12.000 ANSI Lumen<\/a> und sogar <a href=\"https:\/\/leinwandmieten.at\/?page_id=55\" target=\"_blank\" rel=\"noopener noreferrer\">20.000 ANSI Lumen<\/a>!<\/p>\n\n\n<h2 class=\"wp-block-heading\">Kurzdistanz und Ultra-Kurzdistanz Beamer mieten!<\/h2>\n\n\n\n<p>Praktisch: Nutzen Sie die M\u00f6glichkeiten von Kurzdistanz- und Ultrakurzdistanz Projektoren! Mit der speziellen Weitwinkel-Optiv k\u00f6nnen auch unsere <a href=\"https:\/\/leinwandmieten.at\/?page_id=56\">12.000 ANSI<\/a>&#8211; und <a href=\"https:\/\/leinwandmieten.at\/?page_id=55\">20.000 ANSI-Lumen<\/a> BARCO-Ger\u00e4te f\u00fcr eine Kurzdistanz-Projektion fit gemacht werden! Dadurch kann die Leinwand trotz r\u00fcckw\u00e4rtiger Projektion nahe an der Wand stehenbleiben!\n<h2 class=\"block-editor-rich-text__editable editor-rich-text__editable\" role=\"textbox\" aria-multiline=\"true\" data-is-placeholder-visible=\"false\" aria-label=\"Schreib eine \u00dcberschrift\u2026\" aria-autocomplete=\"list\" contenteditable=\"true\">Leinwand Verleih in Wien? Hier:<\/h2><\/p>\n\n\n<p>Ger\u00e4tebezeichnung: Leinwand 400*234, Aufpro<\/p>\n<p>Tagesmietpreis: 110,00<\/p>\n<p><strong><em><a href=\"http:\/\/beamermieten.at\/kontakt-impressum\/\" target=\"_blank\" rel=\"noopener noreferrer\">Kontaktieren Sie uns!<\/a><\/em><\/strong><\/p>","protected":false},"excerpt":{"rendered":"<p>Leinwand Verleih in Wien &#8211; Mieten Sie eine R\u00fcckprojektionsleinwand im 16:9 Format mit 400&#215;234 cm! Mieten Sie bei uns in Wien die passende Leinwand &#8211; im echten 16:9-Format! Hier im Verleih unsere 4,00 x 2,34 Meter gro\u00dfe Leinwand mit R\u00fcckprojektionstuch. Der Projektor steht also hinter der Leinwand, das Tuch ist transluzent. Die Leinwand mit Tuch &hellip; <\/p>\n<p class=\"link-more\"><a href=\"https:\/\/leinwandmieten.at\/?page_id=48\" class=\"more-link\"><span class=\"screen-reader-text\">\u201eR\u00fcckprojektion 400 x 234 cm\u201c<\/span> weiterlesen<\/a><\/p>\n","protected":false},"author":1,"featured_media":0,"parent":0,"menu_order":0,"comment_status":"closed","ping_status":"closed","template":"","meta":{"_exactmetrics_skip_tracking":false,"_exactmetrics_sitenote_active":false,"_exactmetrics_sitenote_note":"","_exactmetrics_sitenote_category":0,"footnotes":""},"class_list":["post-48","page","type-page","status-publish","hentry"],"aioseo_notices":[],"_links":{"self":[{"href":"https:\/\/leinwandmieten.at\/index.php?rest_route=\/wp\/v2\/pages\/48","targetHints":{"allow":["GET"]}}],"collection":[{"href":"https:\/\/leinwandmieten.at\/index.php?rest_route=\/wp\/v2\/pages"}],"about":[{"href":"https:\/\/leinwandmieten.at\/index.php?rest_route=\/wp\/v2\/types\/page"}],"author":[{"embeddable":true,"href":"https:\/\/leinwandmieten.at\/index.php?rest_route=\/wp\/v2\/users\/1"}],"replies":[{"embeddable":true,"href":"https:\/\/leinwandmieten.at\/index.php?rest_route=%2Fwp%2Fv2%2Fcomments&post=48"}],"version-history":[{"count":9,"href":"https:\/\/leinwandmieten.at\/index.php?rest_route=\/wp\/v2\/pages\/48\/revisions"}],"predecessor-version":[{"id":395,"href":"https:\/\/leinwandmieten.at\/index.php?rest_route=\/wp\/v2\/pages\/48\/revisions\/395"}],"wp:attachment":[{"href":"https:\/\/leinwandmieten.at\/index.php?rest_route=%2Fwp%2Fv2%2Fmedia&parent=48"}],"curies":[{"name":"wp","href":"https:\/\/api.w.org\/{rel}","templated":true}]}}