{"id":465,"date":"2020-07-09T06:09:49","date_gmt":"2020-07-09T06:09:49","guid":{"rendered":"http:\/\/leinwandmieten.at\/?page_id=465"},"modified":"2020-08-26T06:40:56","modified_gmt":"2020-08-26T06:40:56","slug":"aufprojektion-460-270-cm","status":"publish","type":"page","link":"https:\/\/leinwandmieten.at\/?page_id=465","title":{"rendered":"Aufprojektion 460 x 270 cm"},"content":{"rendered":"\n<h2 class=\"wp-block-heading\">Leinwand Verleih in Wien und St. P\u00f6lten. 460x270cm mieten. F\u00fcr gro\u00dfe Bilder.<\/h2>\n\n\n\n<p>Mieten Sie aus unserem Verleih in Wien und St. P\u00f6lten die 460x270cm Leinwand. Hier haben auch gro\u00dfe Bilder Platz &#8211; viel zu gro\u00df f\u00fcr den normalen Heimgebrauch. Aber ideal f\u00fcr den Einsatz bei Veranstaltungen, Events etc., &#8230; Pro Einsatztag ab 144 Euro!<\/p>\n\n\n\n<p>Mieten Sie diese Leinwand aus unserem Verleih in Wien und St. P\u00f6lten, wenn gro\u00dfe Eindr\u00fccke gefragt sind. Trotz ihrer Dimensionen ist diese Leinwand allerdings ganz einfach aufgebaut. Mit etwas \u00dcbung sogar ganz alleine, im Idealfall mit zwei Personen.<\/p>\n\n\n\n<figure class=\"wp-block-image size-large\"><img loading=\"lazy\" decoding=\"async\" width=\"1024\" height=\"683\" src=\"https:\/\/leinwandmieten.at\/wp-content\/uploads\/2020\/08\/IMG_20200618_1603303-1024x683.jpg\" alt=\"\" class=\"wp-image-475\" srcset=\"https:\/\/leinwandmieten.at\/wp-content\/uploads\/2020\/08\/IMG_20200618_1603303-1024x683.jpg 1024w, https:\/\/leinwandmieten.at\/wp-content\/uploads\/2020\/08\/IMG_20200618_1603303-300x200.jpg 300w, https:\/\/leinwandmieten.at\/wp-content\/uploads\/2020\/08\/IMG_20200618_1603303-768x512.jpg 768w, https:\/\/leinwandmieten.at\/wp-content\/uploads\/2020\/08\/IMG_20200618_1603303-1536x1024.jpg 1536w, https:\/\/leinwandmieten.at\/wp-content\/uploads\/2020\/08\/IMG_20200618_1603303.jpg 1600w\" sizes=\"auto, (max-width: 767px) 89vw, (max-width: 1000px) 54vw, (max-width: 1071px) 543px, 580px\" \/><figcaption>4,6&#215;2,7 Meter &#8211; Mehr als Lebensgr\u00f6\u00dfe. Unten im Bild: Ein 10.600-ANSI Lumen Beamer mit WUXGA-Aufl\u00f6sung.<\/figcaption><\/figure>\n\n\n\n<h2 class=\"wp-block-heading\">Passenden Beamer mieten? Verleih in Wien und St. P\u00f6lten. Bis 20.000 ANSI Lumen!<\/h2>\n\n\n\n<p>Mieten Sie passende Beamer in Wien und St. P\u00f6lten. F\u00fcr eine gro\u00dfe Leinwand brauchen Sie einen entsprechend starken Projektor \/ Beamer aus unserem Verleih in Wien und St. P\u00f6lten. In Innenr\u00e4umen haben wir bei durchschnittlichen Tageslichtverh\u00e4ltnissen, also ohne direkte Sonneneinstrahlung, bei einer Leinwand in der Gr\u00f6\u00dfe 460x270cm gute Erfahrungen mit den <a href=\"https:\/\/leinwandmieten.at\/?page_id=58\" title=\"8500 ANSI Lumen FullHD\" target=\"_blank\" rel=\"noreferrer noopener\">8.500-ANSI<\/a> und dem <a href=\"https:\/\/leinwandmieten.at\/?page_id=276\" title=\"10.600 ANSI Lumen WUXGA\" target=\"_blank\" rel=\"noreferrer noopener\">10.600-ANSI<\/a> Ger\u00e4ten gemacht. Zu abendlichen Zeiten mag auch ein <a href=\"https:\/\/leinwandmieten.at\/?page_id=351\" title=\"6.000 ANSI HD\" target=\"_blank\" rel=\"noreferrer noopener\">6.000-ANSI Lumen Beamer <\/a>ausreichen.<\/p>\n\n\n\n<figure class=\"wp-block-image size-large\"><img loading=\"lazy\" decoding=\"async\" width=\"768\" height=\"501\" src=\"https:\/\/leinwandmieten.at\/wp-content\/uploads\/2020\/08\/PT-DZ10k-768x501-1.jpg\" alt=\"\" class=\"wp-image-477\" srcset=\"https:\/\/leinwandmieten.at\/wp-content\/uploads\/2020\/08\/PT-DZ10k-768x501-1.jpg 768w, https:\/\/leinwandmieten.at\/wp-content\/uploads\/2020\/08\/PT-DZ10k-768x501-1-300x196.jpg 300w\" sizes=\"auto, (max-width: 767px) 89vw, (max-width: 1000px) 54vw, (max-width: 1071px) 543px, 580px\" \/><figcaption>Nahaufnahme: Der oben eingesetzte 10.600 ANSI Lumen Beamer mit echter WUXGA-Aufl\u00f6sung (1920*1200).<\/figcaption><\/figure>\n\n\n\n<p><\/p>\n","protected":false},"excerpt":{"rendered":"<p>Leinwand Verleih in Wien und St. P\u00f6lten. 460x270cm mieten. F\u00fcr gro\u00dfe Bilder. Mieten Sie aus unserem Verleih in Wien und St. P\u00f6lten die 460x270cm Leinwand. Hier haben auch gro\u00dfe Bilder Platz &#8211; viel zu gro\u00df f\u00fcr den normalen Heimgebrauch. Aber ideal f\u00fcr den Einsatz bei Veranstaltungen, Events etc., &#8230; Pro Einsatztag ab 144 Euro! Mieten &hellip; <\/p>\n<p class=\"link-more\"><a href=\"https:\/\/leinwandmieten.at\/?page_id=465\" class=\"more-link\"><span class=\"screen-reader-text\">\u201eAufprojektion 460 x 270 cm\u201c<\/span> weiterlesen<\/a><\/p>\n","protected":false},"author":1,"featured_media":0,"parent":0,"menu_order":0,"comment_status":"closed","ping_status":"closed","template":"","meta":{"_exactmetrics_skip_tracking":false,"_exactmetrics_sitenote_active":false,"_exactmetrics_sitenote_note":"","_exactmetrics_sitenote_category":0,"footnotes":""},"class_list":["post-465","page","type-page","status-publish","hentry"],"aioseo_notices":[],"_links":{"self":[{"href":"https:\/\/leinwandmieten.at\/index.php?rest_route=\/wp\/v2\/pages\/465","targetHints":{"allow":["GET"]}}],"collection":[{"href":"https:\/\/leinwandmieten.at\/index.php?rest_route=\/wp\/v2\/pages"}],"about":[{"href":"https:\/\/leinwandmieten.at\/index.php?rest_route=\/wp\/v2\/types\/page"}],"author":[{"embeddable":true,"href":"https:\/\/leinwandmieten.at\/index.php?rest_route=\/wp\/v2\/users\/1"}],"replies":[{"embeddable":true,"href":"https:\/\/leinwandmieten.at\/index.php?rest_route=%2Fwp%2Fv2%2Fcomments&post=465"}],"version-history":[{"count":5,"href":"https:\/\/leinwandmieten.at\/index.php?rest_route=\/wp\/v2\/pages\/465\/revisions"}],"predecessor-version":[{"id":480,"href":"https:\/\/leinwandmieten.at\/index.php?rest_route=\/wp\/v2\/pages\/465\/revisions\/480"}],"wp:attachment":[{"href":"https:\/\/leinwandmieten.at\/index.php?rest_route=%2Fwp%2Fv2%2Fmedia&parent=465"}],"curies":[{"name":"wp","href":"https:\/\/api.w.org\/{rel}","templated":true}]}}