{"id":351,"date":"2019-10-22T10:26:10","date_gmt":"2019-10-22T10:26:10","guid":{"rendered":"http:\/\/leinwandmieten.at\/?page_id=351"},"modified":"2019-10-22T16:12:42","modified_gmt":"2019-10-22T16:12:42","slug":"6-000-ansi-hd","status":"publish","type":"page","link":"https:\/\/leinwandmieten.at\/?page_id=351","title":{"rendered":"6.000 ANSI HD"},"content":{"rendered":"\n<h2 class=\"wp-block-heading\">Beamer Verleih Wien &#8211; Mieten Sie einen 6.000 ANSI Lumen Beamer! <\/h2>\n\n\n\n<p>Wenn der durchschnittliche Office-Beamer nicht ausreicht, kann ein kr\u00e4ftiger Beamer mit 6.000 ANSI Lumen aus unserem Verleih die einfache L\u00f6sung sein. Mieten Sie bei uns in Wien den Panasonic PT-DW6300 DLP Projektor. Seine souver\u00e4ne Lichtleistung von 6.000 ANSI Lumen und die WXGA-Aufl\u00f6sung sind die besten Voraussetzungen f\u00fcr gro\u00dfe Bilder.<\/p>\n\n\n\n<p>Beamer, wie man sie kennt, haben oft nur 2000-3000 ANSI Lumen. F\u00fcr den normalen B\u00fcroalltag mag das durchaus genug sein. Wenn Sie allerding gr\u00f6\u00dfere Veranstaltungen planen oder Pr\u00e4sentationen im gr\u00f6\u00dferen Rahmen abhalten, dann sollte auch der Beamer mit Ihren Anspr\u00fcchen wachsen.<\/p>\n\n\n\n<figure class=\"wp-block-image\"><img loading=\"lazy\" decoding=\"async\" width=\"768\" height=\"493\" src=\"https:\/\/leinwandmieten.at\/wp-content\/uploads\/2019\/10\/PT-DW6300A-768x493.jpg\" alt=\"\" class=\"wp-image-357\" srcset=\"https:\/\/leinwandmieten.at\/wp-content\/uploads\/2019\/10\/PT-DW6300A-768x493.jpg 768w, https:\/\/leinwandmieten.at\/wp-content\/uploads\/2019\/10\/PT-DW6300A-768x493-300x193.jpg 300w\" sizes=\"auto, (max-width: 767px) 89vw, (max-width: 1000px) 54vw, (max-width: 1071px) 543px, 580px\" \/><figcaption>Panasonic PT-DW6300 aus unserem Verleih in Wien. Optional mit Kurzdistanz Objektiv!<br><\/figcaption><\/figure>\n\n\n\n<h2 class=\"wp-block-heading\">Kurzdistanz Beamer Verleih? Mieten Sie das passende Ojektiv! <\/h2>\n\n\n\n<p>Je nach Bedarf kann der PT.-DW6300 aus unserem Verleih in Wien auch mit einem speziellen Objektiv ausgestattet werden. So wird aus dem kr\u00e4ftigen 6.000-ANSI Lumen Boliden im Handumdrehen ein Kurzdistanz Beamer. Die Bajonettfassung der Panasonicger\u00e4te erlaubt den Objektivwechsel sogar ohne Werkzeug! Das passende Objektiv wird wie bei einer handels\u00fcblichen Spiegelreflexkamera eingesetzt.<\/p>\n\n\n\n<p>Mit dem speziellen Fix-Fokus Objektiv aus unserem Verleih mieten Sie einen lichtstarken Kurzdistanzbeamer. Der Projektionsfaktor verringert sich mit diesem Objektiv auf nur 0.8:1. Das bedeutet, dass Sie f\u00fcr ein zwei Meter breites Bild nur rund 1,5 Meter Abstand zur Leinwand ben\u00f6tigen. Das ist ungef\u00e4hr die H\u00e4lfte eines normalen Officebeamers! <\/p>\n\n\n\n<p><\/p>\n\n\n\n<p>Passende Leinwand dazu? <a rel=\"noreferrer noopener\" aria-label=\" (\u00f6ffnet in neuem Tab)\" href=\"https:\/\/leinwandmieten.at\/?page_id=237\" target=\"_blank\">Leinwand 3,65 x 2,10 Meter Aufprojektion<\/a>, <a rel=\"noreferrer noopener\" aria-label=\" (\u00f6ffnet in neuem Tab)\" href=\"https:\/\/leinwandmieten.at\/?page_id=238\" target=\"_blank\">Leinwand 3,65 x 2,10 Meter R\u00fcckprojektion<\/a>, <a rel=\"noreferrer noopener\" aria-label=\"Leinwand 2,80 x 2,10 Meter Aufprojektion (\u00f6ffnet in neuem Tab)\" href=\"https:\/\/leinwandmieten.at\/?page_id=38\" target=\"_blank\">Leinwand 2,80 x 2,10 Meter Aufprojektion<\/a>, <a href=\"https:\/\/leinwandmieten.at\/?page_id=83\" target=\"_blank\" rel=\"noreferrer noopener\" aria-label=\"Leinwand 2,80 x 2,10 Meter R\u00fcckprojektion (\u00f6ffnet in neuem Tab)\">Leinwand 2,80 x 2,10 Meter R\u00fcckprojektion<\/a>. Weiteres Zubeh\u00f6r im Bereich <a rel=\"noreferrer noopener\" href=\"https:\/\/leinwandmieten.at\/?page_id=22\" target=\"_blank\">AV-Technik \/ Zubeh\u00f6r.<\/a><\/p>\n\n\n\n<p>Ger\u00e4tebezeichnung: Panasonic PT-DW6300<\/p>\n\n\n\n<p>Objektive: Nach Bedarf verf\u00fcgbar.<\/p>\n\n\n\n<p><em>Tagesmietpreis: 266,00 Euro<\/em><\/p>\n\n\n\n<p><a rel=\"noreferrer noopener\" href=\"http:\/\/beamermieten.at\/kontakt-impressum\/\" target=\"_blank\"><strong><em>Kontaktieren Sie uns!<\/em><\/strong><\/a><\/p>\n","protected":false},"excerpt":{"rendered":"<p>Beamer Verleih Wien &#8211; Mieten Sie einen 6.000 ANSI Lumen Beamer! Wenn der durchschnittliche Office-Beamer nicht ausreicht, kann ein kr\u00e4ftiger Beamer mit 6.000 ANSI Lumen aus unserem Verleih die einfache L\u00f6sung sein. Mieten Sie bei uns in Wien den Panasonic PT-DW6300 DLP Projektor. Seine souver\u00e4ne Lichtleistung von 6.000 ANSI Lumen und die WXGA-Aufl\u00f6sung sind die &hellip; <\/p>\n<p class=\"link-more\"><a href=\"https:\/\/leinwandmieten.at\/?page_id=351\" class=\"more-link\"><span class=\"screen-reader-text\">\u201e6.000 ANSI HD\u201c<\/span> weiterlesen<\/a><\/p>\n","protected":false},"author":1,"featured_media":0,"parent":0,"menu_order":0,"comment_status":"closed","ping_status":"closed","template":"","meta":{"_exactmetrics_skip_tracking":false,"_exactmetrics_sitenote_active":false,"_exactmetrics_sitenote_note":"","_exactmetrics_sitenote_category":0,"footnotes":""},"class_list":["post-351","page","type-page","status-publish","hentry"],"aioseo_notices":[],"_links":{"self":[{"href":"https:\/\/leinwandmieten.at\/index.php?rest_route=\/wp\/v2\/pages\/351","targetHints":{"allow":["GET"]}}],"collection":[{"href":"https:\/\/leinwandmieten.at\/index.php?rest_route=\/wp\/v2\/pages"}],"about":[{"href":"https:\/\/leinwandmieten.at\/index.php?rest_route=\/wp\/v2\/types\/page"}],"author":[{"embeddable":true,"href":"https:\/\/leinwandmieten.at\/index.php?rest_route=\/wp\/v2\/users\/1"}],"replies":[{"embeddable":true,"href":"https:\/\/leinwandmieten.at\/index.php?rest_route=%2Fwp%2Fv2%2Fcomments&post=351"}],"version-history":[{"count":2,"href":"https:\/\/leinwandmieten.at\/index.php?rest_route=\/wp\/v2\/pages\/351\/revisions"}],"predecessor-version":[{"id":359,"href":"https:\/\/leinwandmieten.at\/index.php?rest_route=\/wp\/v2\/pages\/351\/revisions\/359"}],"wp:attachment":[{"href":"https:\/\/leinwandmieten.at\/index.php?rest_route=%2Fwp%2Fv2%2Fmedia&parent=351"}],"curies":[{"name":"wp","href":"https:\/\/api.w.org\/{rel}","templated":true}]}}