{"id":35,"date":"2017-11-18T18:13:02","date_gmt":"2017-11-18T18:13:02","guid":{"rendered":"http:\/\/leinwandmieten.at\/?page_id=35"},"modified":"2019-10-24T08:01:48","modified_gmt":"2019-10-24T08:01:48","slug":"aufprojektion","status":"publish","type":"page","link":"https:\/\/leinwandmieten.at\/?page_id=35","title":{"rendered":"Aufprojektion"},"content":{"rendered":"\n<h2 class=\"wp-block-heading\">Leinwand mieten in Wien und St. P\u00f6lten. Mieten Sie eine Leinwand f\u00fcr Aufprojektion! <\/h2>\n\n\n\n<p>Mieten Sie bei uns Leinw\u00e4nde in unterschiedlicher Gr\u00f6\u00dfe und Ausf\u00fchrung. Zur Wahl in unserem Verleih in Wien und St. P\u00f6lten stehen klassische Leinwandsysteme f\u00fcr die Projektion von vorne. Besser bekannt als Aufprojektion oder Frontprojektion. Auch verf\u00fcgbar sind R\u00fcckprojektionsleinw\u00e4nde f\u00fcr die Belichtung von r\u00fcckw\u00e4rts.<\/p>\n\n\n\n<p>Bei der Aufprojektion oder auch Frontprojektion handelt es sich um ein sehr typisches Setup. Hier steht der Projektor wie gewohnt direkt vor der Leinwand. Dies ist ein klassischer und einfacher Aufbau und ben\u00f6tigt keine \/ kaum spezifische Kenntnisse. Aufbauen, einschalten, loslegen.<\/p>\n\n\n\n<figure class=\"wp-block-image\"><img loading=\"lazy\" decoding=\"async\" width=\"534\" height=\"400\" src=\"https:\/\/leinwandmieten.at\/wp-content\/uploads\/2019\/10\/Leinwand.png\" alt=\"\" class=\"wp-image-364\" srcset=\"https:\/\/leinwandmieten.at\/wp-content\/uploads\/2019\/10\/Leinwand.png 534w, https:\/\/leinwandmieten.at\/wp-content\/uploads\/2019\/10\/Leinwand-300x225.png 300w\" sizes=\"auto, (max-width: 534px) 100vw, 534px\" \/><figcaption>Leinwand Verleih Wien: Maximal 6 Meter Bildbreite. Mehr als 3 Meter hoch!<\/figcaption><\/figure>\n\n\n\n<p>Wir haben Aufprojektionsleinw\u00e4nde in unterschiedlichen Formaten (4:3, 16:9) und in unterschiedlichen Gr\u00f6\u00dfen lagernd.<\/p>\n\n\n\n<ul class=\"wp-block-list\"><li>4:3 Leinwand Aufprojektion: <a rel=\"noreferrer noopener\" aria-label=\"280 x 210cm (\u00f6ffnet in neuem Tab)\" href=\"https:\/\/leinwandmieten.at\/?page_id=38\" target=\"_blank\">280 x 210cm<\/a><\/li><li>16:9 Leinwand Aufprojektion: <a rel=\"noreferrer noopener\" aria-label=\"365 x 210cm (\u00f6ffnet in neuem Tab)\" href=\"https:\/\/leinwandmieten.at\/?page_id=237\" target=\"_blank\">365 x 210cm<\/a><\/li><li>16:9 Leinwand Aufprojektion: <a rel=\"noreferrer noopener\" aria-label=\"400 x 234 cm (\u00f6ffnet in neuem Tab)\" href=\"https:\/\/leinwandmieten.at\/?page_id=37\" target=\"_blank\">400 x 234 cm<\/a><\/li><li>16:9 Leinwand Aufprojektion: <a href=\"https:\/\/leinwandmieten.at\/?page_id=293\" target=\"_blank\" rel=\"noreferrer noopener\" aria-label=\"600 x 338cm (\u00f6ffnet in neuem Tab)\">600 x 338cm<\/a><\/li><\/ul>\n\n\n\n<h2 class=\"wp-block-heading\">Beamer mieten? Verleih in Wien und St. P\u00f6lten! <\/h2>\n\n\n\n<p>Je nach Leinwandgr\u00f6\u00dfe empfehlen wir unterschiedliche Beamer. Die Faustregel dabei hei\u00dft: Je gr\u00f6\u00dfer die Leinwand, desto leistungsst\u00e4rker sollte der Beamer sein. F\u00fcr eine Leinwand bis 3 Meter Bildbreite reicht in der Regel ein einfacher Beamer aus unserem Verleih mit einer Lichtleistung von bis zu 5.000 ANSI. F\u00fcr Leinw\u00e4nde bis 4 Meter Bildbreite empfehlen wir einen Blick auf die Klasse der 10.000 ANSI Lumen Ger\u00e4te. Und dar\u00fcber sind fast zwingend noch kr\u00e4ftigere Projektoren anzuraten. Hier eignen sich unter normalen Bedingungen die Ger\u00e4te der 20.000 ANSI Lumen Liga gut.<\/p>\n\n\n\n<h2 class=\"wp-block-heading\">Displays und Flatscreens mieten! Verleih in Wien und St. P\u00f6lten. <\/h2>\n\n\n\n<figure class=\"wp-block-image\"><img loading=\"lazy\" decoding=\"async\" width=\"768\" height=\"576\" src=\"https:\/\/leinwandmieten.at\/wp-content\/uploads\/2019\/10\/LCD1.jpg\" alt=\"\" class=\"wp-image-435\" srcset=\"https:\/\/leinwandmieten.at\/wp-content\/uploads\/2019\/10\/LCD1.jpg 768w, https:\/\/leinwandmieten.at\/wp-content\/uploads\/2019\/10\/LCD1-300x225.jpg 300w\" sizes=\"auto, (max-width: 767px) 89vw, (max-width: 1000px) 54vw, (max-width: 1071px) 543px, 580px\" \/><figcaption>65&#8243; Display auf Trussing Standfu\u00df!<\/figcaption><\/figure>\n\n\n\n<p>Wenn eine Leinwand nicht m\u00f6glich oder nicht gew\u00fcnscht ist, kann ein Display beziehungsweise Flatscreen aus unserem Verleih in Wien oder St. P\u00f6lten eine Alternative sein. Mieten Sie bei uns Displays \/ Flatscreens mit einer <a rel=\"noreferrer noopener\" aria-label=\"Diagonale von bis zu 65&quot; (\u00f6ffnet in neuem Tab)\" href=\"https:\/\/leinwandmieten.at\/?page_id=302\" target=\"_blank\">Diagonale von bis zu 65&#8243;<\/a>. Dazu verf\u00fcgbar sind nat\u00fcrlich Standf\u00fc\u00dfe aus Aluminiumtrussing, Wandhalterungen, Deckenbefestigungen etc., &#8230;<\/p>\n\n\n\n<p><strong><em><a href=\"https:\/\/leinwandmieten.at\/?page_id=9\" target=\"_blank\" rel=\"noreferrer noopener\" aria-label=\" (\u00f6ffnet in neuem Tab)\">Kontaktieren Sie uns bei Fragen!<\/a><\/em><\/strong><\/p>\n","protected":false},"excerpt":{"rendered":"<p>Leinwand mieten in Wien und St. P\u00f6lten. Mieten Sie eine Leinwand f\u00fcr Aufprojektion! Mieten Sie bei uns Leinw\u00e4nde in unterschiedlicher Gr\u00f6\u00dfe und Ausf\u00fchrung. Zur Wahl in unserem Verleih in Wien und St. P\u00f6lten stehen klassische Leinwandsysteme f\u00fcr die Projektion von vorne. Besser bekannt als Aufprojektion oder Frontprojektion. Auch verf\u00fcgbar sind R\u00fcckprojektionsleinw\u00e4nde f\u00fcr die Belichtung von &hellip; <\/p>\n<p class=\"link-more\"><a href=\"https:\/\/leinwandmieten.at\/?page_id=35\" class=\"more-link\"><span class=\"screen-reader-text\">\u201eAufprojektion\u201c<\/span> weiterlesen<\/a><\/p>\n","protected":false},"author":1,"featured_media":0,"parent":0,"menu_order":0,"comment_status":"closed","ping_status":"closed","template":"","meta":{"_exactmetrics_skip_tracking":false,"_exactmetrics_sitenote_active":false,"_exactmetrics_sitenote_note":"","_exactmetrics_sitenote_category":0,"footnotes":""},"class_list":["post-35","page","type-page","status-publish","hentry"],"aioseo_notices":[],"_links":{"self":[{"href":"https:\/\/leinwandmieten.at\/index.php?rest_route=\/wp\/v2\/pages\/35","targetHints":{"allow":["GET"]}}],"collection":[{"href":"https:\/\/leinwandmieten.at\/index.php?rest_route=\/wp\/v2\/pages"}],"about":[{"href":"https:\/\/leinwandmieten.at\/index.php?rest_route=\/wp\/v2\/types\/page"}],"author":[{"embeddable":true,"href":"https:\/\/leinwandmieten.at\/index.php?rest_route=\/wp\/v2\/users\/1"}],"replies":[{"embeddable":true,"href":"https:\/\/leinwandmieten.at\/index.php?rest_route=%2Fwp%2Fv2%2Fcomments&post=35"}],"version-history":[{"count":4,"href":"https:\/\/leinwandmieten.at\/index.php?rest_route=\/wp\/v2\/pages\/35\/revisions"}],"predecessor-version":[{"id":436,"href":"https:\/\/leinwandmieten.at\/index.php?rest_route=\/wp\/v2\/pages\/35\/revisions\/436"}],"wp:attachment":[{"href":"https:\/\/leinwandmieten.at\/index.php?rest_route=%2Fwp%2Fv2%2Fmedia&parent=35"}],"curies":[{"name":"wp","href":"https:\/\/api.w.org\/{rel}","templated":true}]}}