{"id":310,"date":"2019-10-22T07:07:56","date_gmt":"2019-10-22T07:07:56","guid":{"rendered":"http:\/\/leinwandmieten.at\/?page_id=310"},"modified":"2019-10-22T16:46:30","modified_gmt":"2019-10-22T16:46:30","slug":"funkmikrofone","status":"publish","type":"page","link":"https:\/\/leinwandmieten.at\/?page_id=310","title":{"rendered":"Funkmikrofone"},"content":{"rendered":"\n<h2 class=\"wp-block-heading\">Verleih in Wien: Mieten Sie Funkmikrofone und Headsets von Sennheiser! <\/h2>\n\n\n\n<p>Funkmikrofone sind praktisch, kommen Sie doch g\u00e4nzlich ohne Kabel aus. In unserem Verleih in Wien sind Funkmikrofone des renommierten Herstellers Sennheiser verf\u00fcgbar. Mieten Sie bei uns einfache Funkmikrofone der <a rel=\"noreferrer noopener\" aria-label=\"EW100-G3 Serie (\u00f6ffnet in neuem Tab)\" href=\"https:\/\/leinwandmieten.at\/?page_id=399\" target=\"_blank\">EW100-G3 Serie<\/a>. Ebenfalls aus unserem Verleih in Wien mieten Sie die anspruchsvolleren Funkmikrofone der <a rel=\"noreferrer noopener\" aria-label=\"EW300-G3 Serie (\u00f6ffnet in neuem Tab)\" href=\"https:\/\/leinwandmieten.at\/?page_id=400\" target=\"_blank\">EW300-G3 Serie<\/a>. Pro Tag ab 35 Euro!<\/p>\n\n\n\n<figure class=\"wp-block-image\"><img loading=\"lazy\" decoding=\"async\" width=\"768\" height=\"408\" src=\"https:\/\/leinwandmieten.at\/wp-content\/uploads\/2019\/10\/SennheiserEW300G3.jpg\" alt=\"\" class=\"wp-image-398\" srcset=\"https:\/\/leinwandmieten.at\/wp-content\/uploads\/2019\/10\/SennheiserEW300G3.jpg 768w, https:\/\/leinwandmieten.at\/wp-content\/uploads\/2019\/10\/SennheiserEW300G3-300x159.jpg 300w\" sizes=\"auto, (max-width: 767px) 89vw, (max-width: 1000px) 54vw, (max-width: 1071px) 543px, 580px\" \/><\/figure>\n\n\n\n<p>W\u00e4hrend die beiden Funkmikrofonserien hinsichtlich Klangqualit\u00e4t und \u00dcbertragungsstabilit\u00e4t identisch sind, unterscheiden sie sich vor allem hinsichtliche der Ausstattung. So k\u00f6nnen die Sendemodule der EW300-G3 Serie in ihrer Sendeleistung besser an die r\u00e4umlichen Gegebenheiten angepasst werden. Au\u00dferdem verf\u00fcgen die 300er \u00fcber einen Stummschalteknopf. Anwender\/Innen k\u00f6nnen selbst entscheiden, wann das Mikrofon &#8222;offen&#8220; ist.<\/p>\n\n\n\n<p>Beide Mikrofonsysteme k\u00f6nnen wir mit unterschiedlichen Mikrofonkapseln best\u00fccken.<\/p>\n\n\n\n<h2 class=\"wp-block-heading\">Mieten Sie das passende Funkmikrofon aus unserem Verleih in Wien! <\/h2>\n\n\n\n<p>Je nach Anwendung eignen sich unterschiedliche Mikrofonkapseln besser oder eben auch weniger gut. In schwierigen Situationen und mit unge\u00fcbteren Sprechern bew\u00e4hren sich die lineareren Kondensatorkapseln. Ihr Pegelabfall ist bei steigender Sprech-Entfernung relativ geradlinig.<\/p>\n\n\n\n<p>Dynamische Module eignen sich vor allem f\u00fcr ge\u00fcbte Sprecher\/Innen und im Fall von hohen Pegelanforderungen. Kann man mit einem dynamischen Mikrofon umgehen, so wird dies von einer au\u00dfergew\u00f6hnlich guten Klangqualit\u00e4t belohnt.<\/p>\n\n\n\n<h2 class=\"wp-block-heading\">Verleih von Akkuboxen, Tonanlagen und Soundsystemen in Wien! <\/h2>\n\n\n\n<p>Denken Sie daran, dass ein Mikrofon alleine oft nicht reicht. Damit der Ton aus dem Mikrofon auf dem anderen Ende auch wieder herauskommt, brauchen Sie wom\u00f6glich auch noch Mischpulte, Tonanlagen und Soundsysteme aus unserem Verleih in Wien?<\/p>\n\n\n\n<p>In der Regel reichen f\u00fcr einfache Anwendungen zwei <a rel=\"noreferrer noopener\" aria-label=\"Aktivlautsprecher (\u00f6ffnet in neuem Tab)\" href=\"https:\/\/leinwandmieten.at\/?page_id=275\" target=\"_blank\">Aktivlautsprecher<\/a> und ein kleines Mischpult. Als praktisch erweisen sich in einfachen Anwendungsf\u00e4llen auch mobile <a rel=\"noreferrer noopener\" aria-label=\"Akkuboxen (\u00f6ffnet in neuem Tab)\" href=\"https:\/\/leinwandmieten.at\/?page_id=239\" target=\"_blank\">Akkuboxen<\/a>, die komplett ohne externe Stromzufuhr auskommen. <\/p>\n\n\n\n<figure class=\"wp-block-image\"><img loading=\"lazy\" decoding=\"async\" width=\"768\" height=\"512\" src=\"https:\/\/leinwandmieten.at\/wp-content\/uploads\/2019\/10\/AkkuboxTop-768x512.jpg\" alt=\"\" class=\"wp-image-331\" srcset=\"https:\/\/leinwandmieten.at\/wp-content\/uploads\/2019\/10\/AkkuboxTop-768x512.jpg 768w, https:\/\/leinwandmieten.at\/wp-content\/uploads\/2019\/10\/AkkuboxTop-768x512-300x200.jpg 300w\" sizes=\"auto, (max-width: 767px) 89vw, (max-width: 1000px) 54vw, (max-width: 1071px) 543px, 580px\" \/><figcaption>Akkubox aus unserem Verleih in Wien. Laut und unabh\u00e4ngig von der Steckdose!<\/figcaption><\/figure>\n\n\n\n<p>Sollen gleichzeitig mehrere Mikrofone &#8222;ge\u00f6ffnet&#8220; sein und \/ oder ein komplexeres Sound-Setup zum Einsatz kommen, wird mitunter auch mehr gebraucht. <\/p>\n\n\n\n<p><\/p>\n\n\n\n<p><strong><a rel=\"noreferrer noopener\" href=\"https:\/\/leinwandmieten.at\/?page_id=9\" target=\"_blank\">Kontaktieren Sie uns!<\/a><\/strong><\/p>\n","protected":false},"excerpt":{"rendered":"<p>Verleih in Wien: Mieten Sie Funkmikrofone und Headsets von Sennheiser! Funkmikrofone sind praktisch, kommen Sie doch g\u00e4nzlich ohne Kabel aus. In unserem Verleih in Wien sind Funkmikrofone des renommierten Herstellers Sennheiser verf\u00fcgbar. Mieten Sie bei uns einfache Funkmikrofone der EW100-G3 Serie. Ebenfalls aus unserem Verleih in Wien mieten Sie die anspruchsvolleren Funkmikrofone der EW300-G3 Serie. &hellip; <\/p>\n<p class=\"link-more\"><a href=\"https:\/\/leinwandmieten.at\/?page_id=310\" class=\"more-link\"><span class=\"screen-reader-text\">\u201eFunkmikrofone\u201c<\/span> weiterlesen<\/a><\/p>\n","protected":false},"author":1,"featured_media":0,"parent":0,"menu_order":0,"comment_status":"closed","ping_status":"closed","template":"","meta":{"_exactmetrics_skip_tracking":false,"_exactmetrics_sitenote_active":false,"_exactmetrics_sitenote_note":"","_exactmetrics_sitenote_category":0,"footnotes":""},"class_list":["post-310","page","type-page","status-publish","hentry"],"aioseo_notices":[],"_links":{"self":[{"href":"https:\/\/leinwandmieten.at\/index.php?rest_route=\/wp\/v2\/pages\/310","targetHints":{"allow":["GET"]}}],"collection":[{"href":"https:\/\/leinwandmieten.at\/index.php?rest_route=\/wp\/v2\/pages"}],"about":[{"href":"https:\/\/leinwandmieten.at\/index.php?rest_route=\/wp\/v2\/types\/page"}],"author":[{"embeddable":true,"href":"https:\/\/leinwandmieten.at\/index.php?rest_route=\/wp\/v2\/users\/1"}],"replies":[{"embeddable":true,"href":"https:\/\/leinwandmieten.at\/index.php?rest_route=%2Fwp%2Fv2%2Fcomments&post=310"}],"version-history":[{"count":3,"href":"https:\/\/leinwandmieten.at\/index.php?rest_route=\/wp\/v2\/pages\/310\/revisions"}],"predecessor-version":[{"id":409,"href":"https:\/\/leinwandmieten.at\/index.php?rest_route=\/wp\/v2\/pages\/310\/revisions\/409"}],"wp:attachment":[{"href":"https:\/\/leinwandmieten.at\/index.php?rest_route=%2Fwp%2Fv2%2Fmedia&parent=310"}],"curies":[{"name":"wp","href":"https:\/\/api.w.org\/{rel}","templated":true}]}}