{"id":302,"date":"2019-10-22T07:06:57","date_gmt":"2019-10-22T07:06:57","guid":{"rendered":"http:\/\/leinwandmieten.at\/?page_id=302"},"modified":"2019-10-24T08:58:41","modified_gmt":"2019-10-24T08:58:41","slug":"lcd-flatscreen-65","status":"publish","type":"page","link":"https:\/\/leinwandmieten.at\/?page_id=302","title":{"rendered":"LCD Flatscreen 65&#8243;"},"content":{"rendered":"\n<h2 class=\"wp-block-heading\">Flatscreen Verleih in Wien: Mieten Sie Flatscreens mit bis zu 65&#8243; Diagonale! <\/h2>\n\n\n\n<p>Schaut auf Veranstaltungen einfach gut aus! Mieten Sie Displays bis zu 65&#8243; Diagonale (165cm!) aus unserem Verleih in Wien. Beinahe Lebensgr\u00f6\u00dfe und dabei gestochen scharf! Die echte 4K-Aufl\u00f6sung bringt rasiermesserscharfe Bilder!<\/p>\n\n\n\n<p>Mieten Sie Flatscreens mit 165cm Diagonale aus unserem Verleih in Wien: Flatscreens werten jede Veranstaltung optisch enorm auf. Positionieren Sie die Displays im Eingangsbereich Ihrer Veranstaltung, um G\u00e4ste und Kunden zu begr\u00fc\u00dfen!<\/p>\n\n\n\n<figure class=\"wp-block-image\"><img loading=\"lazy\" decoding=\"async\" width=\"768\" height=\"559\" src=\"https:\/\/leinwandmieten.at\/wp-content\/uploads\/2019\/10\/LCD4.jpg\" alt=\"\" class=\"wp-image-448\" srcset=\"https:\/\/leinwandmieten.at\/wp-content\/uploads\/2019\/10\/LCD4.jpg 768w, https:\/\/leinwandmieten.at\/wp-content\/uploads\/2019\/10\/LCD4-300x218.jpg 300w\" sizes=\"auto, (max-width: 767px) 89vw, (max-width: 1000px) 54vw, (max-width: 1071px) 543px, 580px\" \/><figcaption>65&#8243; LCD Flatscreen auf Trussing Stativ.<\/figcaption><\/figure>\n\n\n\n<p>Nutzen Sie die Flexibilit\u00e4t von Displays aus unserem Verleih in Wien auch auf Messest\u00e4nden und bei Produktpr\u00e4sentationen oder Firmentagungen. Gerade in hellen und lichtkritischen Umgebungen, wo ein Beamer nicht eingesetzt werden kann, sind Flatscreens oft eine sinnvolle M\u00f6glichkeit. Pr\u00e4sentieren Sie auf unseren 165cm-diagonalen Displays gro\u00dfe Bilder!<\/p>\n\n\n\n<p>Etwas kleinere Displays gibt\u00b4s bei uns nat\u00fcrlich auch. Beispielsweise mieten Sie aus unserem Verleih in Wien auch Flatscreens mit 55&#8243; (140cm).<\/p>\n\n\n\n<h2 class=\"wp-block-heading\">Flatscreen mieten in Wien &#8211; Kontakt: <\/h2>\n\n\n\n<p>Passendes Zubeh\u00f6r wie Standf\u00fc\u00dfe in unterschiedlicher Gr\u00f6\u00dfe \/ H\u00f6he, Adapter zur Wand- oder Deckenhalterung sind verf\u00fcgbar. Weiteres Zubeh\u00f6r im Bereich <a rel=\"noreferrer noopener\" href=\"https:\/\/leinwandmieten.at\/?page_id=22\" target=\"_blank\">AV-Technik \/ Zubeh\u00f6r.<\/a><\/p>\n\n\n\n<p>Ger\u00e4tebezeichnung: Flatscreen 65<\/p>\n\n\n\n<p><em>Tagesmietpreis: 256,00 Euro<\/em><\/p>\n\n\n\n<p><\/p>\n\n\n\n<p><strong><a rel=\"noreferrer noopener\" href=\"https:\/\/leinwandmieten.at\/?page_id=9\" target=\"_blank\">Kontaktieren Sie uns!<\/a><\/strong><\/p>\n","protected":false},"excerpt":{"rendered":"<p>Flatscreen Verleih in Wien: Mieten Sie Flatscreens mit bis zu 65&#8243; Diagonale! Schaut auf Veranstaltungen einfach gut aus! Mieten Sie Displays bis zu 65&#8243; Diagonale (165cm!) aus unserem Verleih in Wien. Beinahe Lebensgr\u00f6\u00dfe und dabei gestochen scharf! Die echte 4K-Aufl\u00f6sung bringt rasiermesserscharfe Bilder! Mieten Sie Flatscreens mit 165cm Diagonale aus unserem Verleih in Wien: Flatscreens &hellip; <\/p>\n<p class=\"link-more\"><a href=\"https:\/\/leinwandmieten.at\/?page_id=302\" class=\"more-link\"><span class=\"screen-reader-text\">\u201eLCD Flatscreen 65&#8243;\u201c<\/span> weiterlesen<\/a><\/p>\n","protected":false},"author":1,"featured_media":0,"parent":0,"menu_order":0,"comment_status":"closed","ping_status":"closed","template":"","meta":{"_exactmetrics_skip_tracking":false,"_exactmetrics_sitenote_active":false,"_exactmetrics_sitenote_note":"","_exactmetrics_sitenote_category":0,"footnotes":""},"class_list":["post-302","page","type-page","status-publish","hentry"],"aioseo_notices":[],"_links":{"self":[{"href":"https:\/\/leinwandmieten.at\/index.php?rest_route=\/wp\/v2\/pages\/302","targetHints":{"allow":["GET"]}}],"collection":[{"href":"https:\/\/leinwandmieten.at\/index.php?rest_route=\/wp\/v2\/pages"}],"about":[{"href":"https:\/\/leinwandmieten.at\/index.php?rest_route=\/wp\/v2\/types\/page"}],"author":[{"embeddable":true,"href":"https:\/\/leinwandmieten.at\/index.php?rest_route=\/wp\/v2\/users\/1"}],"replies":[{"embeddable":true,"href":"https:\/\/leinwandmieten.at\/index.php?rest_route=%2Fwp%2Fv2%2Fcomments&post=302"}],"version-history":[{"count":2,"href":"https:\/\/leinwandmieten.at\/index.php?rest_route=\/wp\/v2\/pages\/302\/revisions"}],"predecessor-version":[{"id":450,"href":"https:\/\/leinwandmieten.at\/index.php?rest_route=\/wp\/v2\/pages\/302\/revisions\/450"}],"wp:attachment":[{"href":"https:\/\/leinwandmieten.at\/index.php?rest_route=%2Fwp%2Fv2%2Fmedia&parent=302"}],"curies":[{"name":"wp","href":"https:\/\/api.w.org\/{rel}","templated":true}]}}