{"id":300,"date":"2019-10-22T07:06:57","date_gmt":"2019-10-22T07:06:57","guid":{"rendered":"http:\/\/leinwandmieten.at\/?page_id=300"},"modified":"2019-10-24T08:45:17","modified_gmt":"2019-10-24T08:45:17","slug":"flatscreen-verleih","status":"publish","type":"page","link":"https:\/\/leinwandmieten.at\/?page_id=300","title":{"rendered":"Flatscreen Verleih"},"content":{"rendered":"\n<h2 class=\"wp-block-heading\">Flatscreen in Wien mieten? Bis 65&#8243; aus unserem Verleih! <\/h2>\n\n\n\n<p>Mieten Sie Flatscreens bis 65&#8243; (Zoll) Diagonale aus unserem Verleih in Wien. Bei der angegebenen Gr\u00f6\u00dfe mieten Sie ein Display aus unserem Verleih mit gut 165cm Diagonale. Das ist beinahe Lebensgr\u00f6\u00dfe!<\/p>\n\n\n\n<figure class=\"wp-block-image\"><img loading=\"lazy\" decoding=\"async\" width=\"768\" height=\"576\" src=\"https:\/\/leinwandmieten.at\/wp-content\/uploads\/2019\/10\/LCD3.jpg\" alt=\"\" class=\"wp-image-444\" srcset=\"https:\/\/leinwandmieten.at\/wp-content\/uploads\/2019\/10\/LCD3.jpg 768w, https:\/\/leinwandmieten.at\/wp-content\/uploads\/2019\/10\/LCD3-300x225.jpg 300w\" sizes=\"auto, (max-width: 767px) 89vw, (max-width: 1000px) 54vw, (max-width: 1071px) 543px, 580px\" \/><figcaption>65&#8243; LCD Flatscreen auf Trussing Standfu\u00df.<\/figcaption><\/figure>\n\n\n\n<p><a rel=\"noreferrer noopener\" aria-label=\"Unsere 65&quot; Displays (\u00f6ffnet in neuem Tab)\" href=\"https:\/\/leinwandmieten.at\/?page_id=302\" target=\"_blank\">Unsere 65&#8243; Displays<\/a> sind 4K tauglich. Mieten Sie bei uns Displays, die h\u00f6chste Aufl\u00f6sungen und beste Bildqualit\u00e4t auf einen gemeinsamen Punkt bringen. Und wenn es nicht ganz so gro\u00df sein muss, dann kommen wom\u00f6glich auch unsere <a href=\"https:\/\/leinwandmieten.at\/?page_id=301\" target=\"_blank\" rel=\"noreferrer noopener\" aria-label=\"55&quot; Flatscreens (\u00f6ffnet in neuem Tab)\">55&#8243; Flatscreens<\/a> in Betracht? Immerhin bringen es diese Flatscreens bei nativer FullHD-Aufl\u00f6sung immernoch auf eine Diagonale von knapp 140 Zentimetern!<\/p>\n\n\n\n<p>In unserem Verleih in Wien und St. P\u00f6lten gibt es passend dazu nat\u00fcrlich auch Standf\u00fc\u00dfe, Wandhalterungen oder Deckenmontagevorrichtungen. Je nach Bedarf liefern wir au\u00dferdem das n\u00f6tige Zubeh\u00f6r zur sofortigen Inbetriebnahme dazu: HDMI-SIgnalkabel, Stromkabel, Verl\u00e4ngerungen, &#8230;<\/p>\n","protected":false},"excerpt":{"rendered":"<p>Flatscreen in Wien mieten? Bis 65&#8243; aus unserem Verleih! Mieten Sie Flatscreens bis 65&#8243; (Zoll) Diagonale aus unserem Verleih in Wien. Bei der angegebenen Gr\u00f6\u00dfe mieten Sie ein Display aus unserem Verleih mit gut 165cm Diagonale. Das ist beinahe Lebensgr\u00f6\u00dfe! Unsere 65&#8243; Displays sind 4K tauglich. Mieten Sie bei uns Displays, die h\u00f6chste Aufl\u00f6sungen und &hellip; <\/p>\n<p class=\"link-more\"><a href=\"https:\/\/leinwandmieten.at\/?page_id=300\" class=\"more-link\"><span class=\"screen-reader-text\">\u201eFlatscreen Verleih\u201c<\/span> weiterlesen<\/a><\/p>\n","protected":false},"author":1,"featured_media":0,"parent":0,"menu_order":0,"comment_status":"closed","ping_status":"closed","template":"","meta":{"_exactmetrics_skip_tracking":false,"_exactmetrics_sitenote_active":false,"_exactmetrics_sitenote_note":"","_exactmetrics_sitenote_category":0,"footnotes":""},"class_list":["post-300","page","type-page","status-publish","hentry"],"aioseo_notices":[],"_links":{"self":[{"href":"https:\/\/leinwandmieten.at\/index.php?rest_route=\/wp\/v2\/pages\/300","targetHints":{"allow":["GET"]}}],"collection":[{"href":"https:\/\/leinwandmieten.at\/index.php?rest_route=\/wp\/v2\/pages"}],"about":[{"href":"https:\/\/leinwandmieten.at\/index.php?rest_route=\/wp\/v2\/types\/page"}],"author":[{"embeddable":true,"href":"https:\/\/leinwandmieten.at\/index.php?rest_route=\/wp\/v2\/users\/1"}],"replies":[{"embeddable":true,"href":"https:\/\/leinwandmieten.at\/index.php?rest_route=%2Fwp%2Fv2%2Fcomments&post=300"}],"version-history":[{"count":3,"href":"https:\/\/leinwandmieten.at\/index.php?rest_route=\/wp\/v2\/pages\/300\/revisions"}],"predecessor-version":[{"id":447,"href":"https:\/\/leinwandmieten.at\/index.php?rest_route=\/wp\/v2\/pages\/300\/revisions\/447"}],"wp:attachment":[{"href":"https:\/\/leinwandmieten.at\/index.php?rest_route=%2Fwp%2Fv2%2Fmedia&parent=300"}],"curies":[{"name":"wp","href":"https:\/\/api.w.org\/{rel}","templated":true}]}}