{"id":294,"date":"2019-10-22T07:05:50","date_gmt":"2019-10-22T07:05:50","guid":{"rendered":"http:\/\/leinwandmieten.at\/?page_id=294"},"modified":"2019-10-22T12:28:07","modified_gmt":"2019-10-22T12:28:07","slug":"rueckprojektion-600-x-338-cm","status":"publish","type":"page","link":"https:\/\/leinwandmieten.at\/?page_id=294","title":{"rendered":"R\u00fcckprojektion 600 x 338 cm"},"content":{"rendered":"<h2><\/h2>\n<h2 class=\"wp-block-heading\">Mieten Sie eine 6 Meter breite Leinwand aus unserem Verleih in Wien!<\/h2>\n<h2> <\/h2>\nDie maximale Gr\u00f6\u00dfe. In unserem Verleih in Wien mieten Sie Leinw\u00e4nde in verschiedenen Gr\u00f6\u00dfen. Je nach Bedarf mit speziellem Tuch f\u00fcr Front- oder R\u00fcckprojektion lieferbar. Hier im Verleih mit Tuch f\u00fcr R\u00fccpkprojektionen &#8211; Der Projektor steht also hinter der Leinwand, das Tuch ist transluzent. Die Leinwand mit Tuch f\u00fcr Frontprojektion finden Sie <a href=\"https:\/\/leinwandmieten.at\/?page_id=293\" target=\"_blank\" rel=\"noreferrer noopener\" aria-label=\" (\u00f6ffnet in neuem Tab)\">hier!<\/a>\n<h2> <\/h2>\n<figure class=\"wp-block-image\"><img loading=\"lazy\" decoding=\"async\" width=\"534\" height=\"400\" class=\"wp-image-364\" src=\"https:\/\/leinwandmieten.at\/wp-content\/uploads\/2019\/10\/Leinwand.png\" alt=\"\" srcset=\"https:\/\/leinwandmieten.at\/wp-content\/uploads\/2019\/10\/Leinwand.png 534w, https:\/\/leinwandmieten.at\/wp-content\/uploads\/2019\/10\/Leinwand-300x225.png 300w\" sizes=\"auto, (max-width: 534px) 100vw, 534px\" \/>\n<figcaption>Leinwand Verleih Wien: Maximal 6 Meter Bildbreite. Mehr als 3 Meter hoch!<\/figcaption><\/figure>\n<h2> <\/h2>\nBeachten Sie, dass Sie f\u00fcr eine Leinwand dieser Gr\u00f6\u00dfe in durchschnittlicher Umgebung einen beachtlichen Beamer ben\u00f6tigen. Immerhin gilt es bei Abmessungen von 600 x 338 Zentimern rund 20,2 Quadratmetern auszuleuchten. Das ist mehr als so manches Wohnzimmer &#8230;\n<h2> <\/h2>\n<h2 class=\"wp-block-heading\">Beamer Verleih Wien &#8211; Mieten Sie den passenden Beamer!<\/h2>\n<h2> <\/h2>\nF\u00fcr Leinw\u00e4nde dieser Gr\u00f6\u00dfenordnung empfehlen wir definitiv Projektoren \/ Beamer mit einer Lichtleistung von zumindest (!) 10.000 ANSI Lumen! Aus unserem Verleih in Wien gibt es beispielsweise das Modell mit <a href=\"https:\/\/leinwandmieten.at\/?page_id=276\" target=\"_blank\" rel=\"noreferrer noopener\" aria-label=\"10.600 ANSI Lumen und WUXGA-Aufl\u00f6sung (\u00f6ffnet in neuem Tab)\">10.600 ANSI Lumen und WUXGA-Aufl\u00f6sung<\/a> oder, noch besser, <a href=\"https:\/\/leinwandmieten.at\/?page_id=55\" target=\"_blank\" rel=\"noreferrer noopener\" aria-label=\"das 20.000 ANSI Lumen Kraftwerk (\u00f6ffnet in neuem Tab)\">das 20.000 ANSI Lumen Kraftwerk<\/a>!\n<h2><\/h2>\n<h2>Kurzdistanz und Ultra-Kurzdistanz Beamer mieten!<\/h2>\n<!-- \/wp:post-content --> <!-- wp:paragraph -->\n\nPraktisch: Nutzen Sie die M\u00f6glichkeiten von Kurzdistanz- und Ultrakurzdistanz Projektoren! Mit der speziellen Weitwinkel-Optiv k\u00f6nnen auch unsere <a href=\"https:\/\/leinwandmieten.at\/?page_id=56\">12.000 ANSI<\/a>&#8211; und <a href=\"https:\/\/leinwandmieten.at\/?page_id=55\">20.000 ANSI-Lumen<\/a> BARCO-Ger\u00e4te f\u00fcr eine Kurzdistanz-Projektion fit gemacht werden! Dadurch kann die Leinwand trotz r\u00fcckw\u00e4rtiger Projektion nahe an der Wand stehenbleiben!\n<h2 class=\"block-editor-rich-text__editable editor-rich-text__editable\" role=\"textbox\" contenteditable=\"true\" aria-multiline=\"true\" data-is-placeholder-visible=\"false\" aria-label=\"Schreib eine \u00dcberschrift\u2026\" aria-autocomplete=\"list\">Leinwand Verleih in Wien? Hier:<\/h2>\n<!-- \/wp:paragraph -->\n\nGer\u00e4tebezeichnung: Leinwand 600*338, R\u00fcckpro\n\nTagesmietpreis: 190,00\n\n<strong><em><a href=\"http:\/\/beamermieten.at\/kontakt-impressum\/\" target=\"_blank\" rel=\"noopener noreferrer\">Kontaktieren Sie uns!<\/a><\/em><\/strong><!--EndFragment-->","protected":false},"excerpt":{"rendered":"<p>Mieten Sie eine 6 Meter breite Leinwand aus unserem Verleih in Wien! Die maximale Gr\u00f6\u00dfe. In unserem Verleih in Wien mieten Sie Leinw\u00e4nde in verschiedenen Gr\u00f6\u00dfen. Je nach Bedarf mit speziellem Tuch f\u00fcr Front- oder R\u00fcckprojektion lieferbar. Hier im Verleih mit Tuch f\u00fcr R\u00fccpkprojektionen &#8211; Der Projektor steht also hinter der Leinwand, das Tuch ist &hellip; <\/p>\n<p class=\"link-more\"><a href=\"https:\/\/leinwandmieten.at\/?page_id=294\" class=\"more-link\"><span class=\"screen-reader-text\">\u201eR\u00fcckprojektion 600 x 338 cm\u201c<\/span> weiterlesen<\/a><\/p>\n","protected":false},"author":1,"featured_media":0,"parent":0,"menu_order":0,"comment_status":"closed","ping_status":"closed","template":"","meta":{"_exactmetrics_skip_tracking":false,"_exactmetrics_sitenote_active":false,"_exactmetrics_sitenote_note":"","_exactmetrics_sitenote_category":0,"footnotes":""},"class_list":["post-294","page","type-page","status-publish","hentry"],"aioseo_notices":[],"_links":{"self":[{"href":"https:\/\/leinwandmieten.at\/index.php?rest_route=\/wp\/v2\/pages\/294","targetHints":{"allow":["GET"]}}],"collection":[{"href":"https:\/\/leinwandmieten.at\/index.php?rest_route=\/wp\/v2\/pages"}],"about":[{"href":"https:\/\/leinwandmieten.at\/index.php?rest_route=\/wp\/v2\/types\/page"}],"author":[{"embeddable":true,"href":"https:\/\/leinwandmieten.at\/index.php?rest_route=\/wp\/v2\/users\/1"}],"replies":[{"embeddable":true,"href":"https:\/\/leinwandmieten.at\/index.php?rest_route=%2Fwp%2Fv2%2Fcomments&post=294"}],"version-history":[{"count":5,"href":"https:\/\/leinwandmieten.at\/index.php?rest_route=\/wp\/v2\/pages\/294\/revisions"}],"predecessor-version":[{"id":393,"href":"https:\/\/leinwandmieten.at\/index.php?rest_route=\/wp\/v2\/pages\/294\/revisions\/393"}],"wp:attachment":[{"href":"https:\/\/leinwandmieten.at\/index.php?rest_route=%2Fwp%2Fv2%2Fmedia&parent=294"}],"curies":[{"name":"wp","href":"https:\/\/api.w.org\/{rel}","templated":true}]}}