{"id":293,"date":"2019-10-22T07:05:50","date_gmt":"2019-10-22T07:05:50","guid":{"rendered":"http:\/\/leinwandmieten.at\/?page_id=293"},"modified":"2019-10-22T11:54:23","modified_gmt":"2019-10-22T11:54:23","slug":"aufprojektion-600-x-338-cm","status":"publish","type":"page","link":"https:\/\/leinwandmieten.at\/?page_id=293","title":{"rendered":"Aufprojektion 600 x 338 cm"},"content":{"rendered":"\n<h2 class=\"wp-block-heading\">Mieten Sie eine 6 Meter breite Leinwand aus unserem Verleih in Wien! <\/h2>\n\n\n\n<p>Die maximale Gr\u00f6\u00dfe. In unserem Verleih in Wien mieten Sie Leinw\u00e4nde in verschiedenen Gr\u00f6\u00dfen. Je nach Bedarf mit speziellem Tuch f\u00fcr Front- oder R\u00fcckprojektion lieferbar.<\/p>\n\n\n\n<figure class=\"wp-block-image\"><img loading=\"lazy\" decoding=\"async\" width=\"534\" height=\"400\" src=\"https:\/\/leinwandmieten.at\/wp-content\/uploads\/2019\/10\/Leinwand.png\" alt=\"\" class=\"wp-image-364\" srcset=\"https:\/\/leinwandmieten.at\/wp-content\/uploads\/2019\/10\/Leinwand.png 534w, https:\/\/leinwandmieten.at\/wp-content\/uploads\/2019\/10\/Leinwand-300x225.png 300w\" sizes=\"auto, (max-width: 534px) 100vw, 534px\" \/><figcaption>Leinwand Verleih Wien: Maximal 6 Meter Bildbreite. Mehr als 3 Meter hoch!<\/figcaption><\/figure>\n\n\n\n<p>Beachten Sie, dass Sie f\u00fcr eine Leinwand dieser Gr\u00f6\u00dfe in durchschnittlicher Umgebung einen beachtlichen Beamer ben\u00f6tigen. Immerhin gilt es bei Abmessungen von 600 x 338 Zentimern rund 20,2 Quadratmetern auszuleuchten. Das ist mehr als so manches Wohnzimmer &#8230;<\/p>\n\n\n\n<h2 class=\"wp-block-heading\">Beamer Verleih Wien &#8211; Mieten Sie den passenden Beamer! <\/h2>\n\n\n\n<p>F\u00fcr Leinw\u00e4nde dieser Gr\u00f6\u00dfenordnung empfehlen wir definitiv Projektoren \/ Beamer mit einer Lichtleistung von zumindest (!) 10.000 ANSI Lumen! Aus unserem Verleih in Wien gibt es beispielsweise das Modell mit <a rel=\"noreferrer noopener\" aria-label=\"10.600 ANSI Lumen und WUXGA-Aufl\u00f6sung (\u00f6ffnet in neuem Tab)\" href=\"https:\/\/leinwandmieten.at\/?page_id=276\" target=\"_blank\">10.600 ANSI Lumen und WUXGA-Aufl\u00f6sung<\/a> oder, noch besser, <a rel=\"noreferrer noopener\" aria-label=\"das 20.000 ANSI Lumen Kraftwerk (\u00f6ffnet in neuem Tab)\" href=\"https:\/\/leinwandmieten.at\/?page_id=55\" target=\"_blank\">das 20.000 ANSI Lumen Kraftwerk<\/a>!<\/p>\n\n\n\n<p><\/p>\n\n\n\n<p>Ger\u00e4tebezeichnung: Leinwand 600*338, Aufpro<\/p>\n\n\n\n<p>Tagesmietpreis: 190,00<\/p>\n\n\n\n<p><strong><em><a href=\"http:\/\/beamermieten.at\/kontakt-impressum\/\" target=\"_blank\" rel=\"noreferrer noopener\">Kontaktieren Sie uns!<\/a><\/em><\/strong><\/p>\n","protected":false},"excerpt":{"rendered":"<p>Mieten Sie eine 6 Meter breite Leinwand aus unserem Verleih in Wien! Die maximale Gr\u00f6\u00dfe. In unserem Verleih in Wien mieten Sie Leinw\u00e4nde in verschiedenen Gr\u00f6\u00dfen. Je nach Bedarf mit speziellem Tuch f\u00fcr Front- oder R\u00fcckprojektion lieferbar. Beachten Sie, dass Sie f\u00fcr eine Leinwand dieser Gr\u00f6\u00dfe in durchschnittlicher Umgebung einen beachtlichen Beamer ben\u00f6tigen. Immerhin gilt &hellip; <\/p>\n<p class=\"link-more\"><a href=\"https:\/\/leinwandmieten.at\/?page_id=293\" class=\"more-link\"><span class=\"screen-reader-text\">\u201eAufprojektion 600 x 338 cm\u201c<\/span> weiterlesen<\/a><\/p>\n","protected":false},"author":1,"featured_media":0,"parent":0,"menu_order":0,"comment_status":"closed","ping_status":"closed","template":"","meta":{"_exactmetrics_skip_tracking":false,"_exactmetrics_sitenote_active":false,"_exactmetrics_sitenote_note":"","_exactmetrics_sitenote_category":0,"footnotes":""},"class_list":["post-293","page","type-page","status-publish","hentry"],"aioseo_notices":[],"_links":{"self":[{"href":"https:\/\/leinwandmieten.at\/index.php?rest_route=\/wp\/v2\/pages\/293","targetHints":{"allow":["GET"]}}],"collection":[{"href":"https:\/\/leinwandmieten.at\/index.php?rest_route=\/wp\/v2\/pages"}],"about":[{"href":"https:\/\/leinwandmieten.at\/index.php?rest_route=\/wp\/v2\/types\/page"}],"author":[{"embeddable":true,"href":"https:\/\/leinwandmieten.at\/index.php?rest_route=\/wp\/v2\/users\/1"}],"replies":[{"embeddable":true,"href":"https:\/\/leinwandmieten.at\/index.php?rest_route=%2Fwp%2Fv2%2Fcomments&post=293"}],"version-history":[{"count":2,"href":"https:\/\/leinwandmieten.at\/index.php?rest_route=\/wp\/v2\/pages\/293\/revisions"}],"predecessor-version":[{"id":371,"href":"https:\/\/leinwandmieten.at\/index.php?rest_route=\/wp\/v2\/pages\/293\/revisions\/371"}],"wp:attachment":[{"href":"https:\/\/leinwandmieten.at\/index.php?rest_route=%2Fwp%2Fv2%2Fmedia&parent=293"}],"curies":[{"name":"wp","href":"https:\/\/api.w.org\/{rel}","templated":true}]}}