{"id":277,"date":"2019-10-22T07:00:19","date_gmt":"2019-10-22T07:00:19","guid":{"rendered":"http:\/\/leinwandmieten.at\/?page_id=277"},"modified":"2019-10-23T08:42:48","modified_gmt":"2019-10-23T08:42:48","slug":"5-000-ansi-lumen-wuxga","status":"publish","type":"page","link":"https:\/\/leinwandmieten.at\/?page_id=277","title":{"rendered":"5.000 ANSI Lumen WUXGA"},"content":{"rendered":"\n<h2 class=\"wp-block-heading\">Beamer Verleih Wien: Mieten Sie den 5.000 ANSI Lumen Beamer mit WUXGA Aufl\u00f6sung! <\/h2>\n\n\n\n<p>Wenn sowohl die Lichtst\u00e4rke als auch die absolute Qualit\u00e4t der Bilder eine gewichtige Rolle spielen, dann sind Sie hier richtig. Mieten Sie den Canon WUX5000 Beamer aus unserem Verleih in Wien. Die LCOS Technik dieses Projektors bringt erstaunlich realistische Bilder auf die Leinwand!<\/p>\n\n\n\n<figure class=\"wp-block-image\"><img loading=\"lazy\" decoding=\"async\" width=\"1024\" height=\"769\" src=\"https:\/\/leinwandmieten.at\/wp-content\/uploads\/2019\/10\/CanonWUX5000-1024x769.png\" alt=\"\" class=\"wp-image-428\" srcset=\"https:\/\/leinwandmieten.at\/wp-content\/uploads\/2019\/10\/CanonWUX5000-1024x769.png 1024w, https:\/\/leinwandmieten.at\/wp-content\/uploads\/2019\/10\/CanonWUX5000-300x225.png 300w, https:\/\/leinwandmieten.at\/wp-content\/uploads\/2019\/10\/CanonWUX5000-768x577.png 768w, https:\/\/leinwandmieten.at\/wp-content\/uploads\/2019\/10\/CanonWUX5000.png 1140w\" sizes=\"auto, (max-width: 767px) 89vw, (max-width: 1000px) 54vw, (max-width: 1071px) 543px, 580px\" \/><figcaption>Beamer Verleih Wien &#8211; Mieten Sie den Canon WUX5000 aus unserem Verleih f\u00fcr besondere Anforderungen.<\/figcaption><\/figure>\n\n\n\n<p>Im Vergleich zu anderen Projektoren aus unserem Verleih in Wien eignet sich dieser Projektor vor allem f\u00fcr bildkritische Anwendungen. Mit diesem Beamer punkten Sie dort, wo hohe Detailtreue wichtig ist. Architekturb\u00fcros stellen mit einem LCOS Beamer aus unserem Verleih in Wien auch feinste Linien und Renderings mit hohem Kontrastumfang realit\u00e4tsnahe dar. Und das bei noch dazu souver\u00e4ner Leuchtst\u00e4rke, die den Beamer auch zum Einsatz vor gr\u00f6\u00dferem Publikum pr\u00e4destiniert!<\/p>\n\n\n\n<h2 class=\"wp-block-heading\">Mieten Sie den 5.000 ANSI LCOS Beamer aus unserem Verleih in Wien! <\/h2>\n\n\n\n<p>Der Canon 5000 ANSI Lumen LCOS Beamer aus unserem Verleih in Wien ist enorm akkurat in der Detaildarstellung und souver\u00e4n in der Lichtleistung. Das hilft dabei, auch in kritischen Situationen und im Fall h\u00f6chster Anforderungen solide Leistung abzugeben.<\/p>\n\n\n\n<p>Im Vergleich zu \u00fcblichen Beamern mit LCD- oder DLP-Technik wird das Licht der Lampe \/ Lichtquelle hier nicht wie bei einem Diaprojektor durch ein Panel geschickt. Hier reflektieren kleine und spezielle LCOS Displays das Licht an der Oberfl\u00e4che. Dabei steht f\u00fcr jede Grundfarbe, Rot, Gr\u00fcn und Blau, ein eigenes Mikrodisplay zur Verf\u00fcgung. Dadurch, dass einerseits kein Panel durchleuchtet werden und muss andererseits dadurch, dass f\u00fcr jede Farbe ein eigenes Display vorhanden ist, kommt es zu einer enorm detailreichen Bildwiedergabe.<\/p>\n\n\n\n<h2 class=\"wp-block-heading\">Beamer Verleih Wien &#8211; Mieten Sie Beamer f\u00fcr Grafikanwendungen, Architektur und medizinische Screenings. <\/h2>\n\n\n\n<p>Durch die besonders akkurate Bilddarstellung eignet sich der CANON WUX5000 Beamer aus unserem Verleih f\u00fcr besonders fordernde Anwendungen. Im Besonderen beispielsweise f\u00fcr Grafik-Renderings, Archtitekturmodelle und medizinische Screenings \/Anwendungen (DICOM). <\/p>\n\n\n\n<p>Vor allem dann, wenn Bildqualit\u00e4t entscheidend ist, k\u00f6nnen Sie vorrangig zu diesem Beamer greifen. Hier werden auch feinste Details, Linien, Artefakte und sonstige Bildelemente sichtbar. Und durch die souver\u00e4ne Lichtleistung, die mit anderen Projektoren der Event-Liga durchaus mithalten kann, werden kleinste Details auch f\u00fcr ein gro\u00dfes Publikum sichtbar.<\/p>\n\n\n\n<h2 class=\"wp-block-heading\">Beamer mieten in Wien &#8211; souver\u00e4ne Leistung!<\/h2>\n\n\n\n<p>Mieten Sie in Wien den Canon WUX5000 Beamer f\u00fcr h\u00f6chste Anspr\u00fcche an Bildqualit\u00e4t, Aufl\u00f6sung und Leuchtkraft. Die native Bildaufl\u00f6sung dieses Beamers aus unserem Verleih in Wien betr\u00e4gt 1920*1200 Bildpunkte (WUXGA). Die nominale Lichtleistung ist mit 5.000 ANSI Lumen angegeben. Insgesamt ergibt das eine souver\u00e4ne Leistung in jeder Konstellation.<\/p>\n\n\n\n<h2 class=\"wp-block-heading\">Leinwand Verleih in Wien &#8211; mieten Sie die passende Leinwand! <\/h2>\n\n\n\n<p>Mit diesem Projektor kann durchaus auch eine etwas gr\u00f6\u00dfere Leinwand aus unserem Verleih in Wien genutzt werden. Mieten Sie zum Beispiel die 280x210cm Leinwand (<a rel=\"noreferrer noopener\" aria-label=\"Frontprojektion (\u00f6ffnet in neuem Tab)\" href=\"https:\/\/leinwandmieten.at\/?page_id=38\" target=\"_blank\">Frontprojektion<\/a>, <a rel=\"noreferrer noopener\" aria-label=\"R\u00fcckprojektion (\u00f6ffnet in neuem Tab)\" href=\"https:\/\/leinwandmieten.at\/?page_id=83\" target=\"_blank\">R\u00fcckprojektion<\/a>), die 365x210cm Leinwand (<a rel=\"noreferrer noopener\" aria-label=\"Frontprojektion (\u00f6ffnet in neuem Tab)\" href=\"https:\/\/leinwandmieten.at\/?page_id=237\" target=\"_blank\">Frontprojektion<\/a>, <a rel=\"noreferrer noopener\" aria-label=\"R\u00fcckprojektion (\u00f6ffnet in neuem Tab)\" href=\"https:\/\/leinwandmieten.at\/?page_id=238\" target=\"_blank\">R\u00fcckprojektion<\/a>) oder die 400x234cm Leinwand (<a rel=\"noreferrer noopener\" aria-label=\"Frontprojektion (\u00f6ffnet in neuem Tab)\" href=\"https:\/\/leinwandmieten.at\/?page_id=37\" target=\"_blank\">Frontprojektion<\/a>, <a rel=\"noreferrer noopener\" aria-label=\"R\u00fcckprojektion (\u00f6ffnet in neuem Tab)\" href=\"https:\/\/leinwandmieten.at\/?page_id=48\" target=\"_blank\">R\u00fcckprojektion<\/a>). F\u00fcr noch gr\u00f6\u00dfere Leinw\u00e4nde empfehlen wir st\u00e4rkere Projektoren mit mehr als 5000 ANSI Lumen. Hier kommen Ger\u00e4te mit einer Lichtleistung von <a rel=\"noreferrer noopener\" aria-label=\"10.000 (\u00f6ffnet in neuem Tab)\" href=\"https:\/\/leinwandmieten.at\/?page_id=276\" target=\"_blank\">10.000<\/a> &#8211; <a rel=\"noreferrer noopener\" aria-label=\"20.000 (\u00f6ffnet in neuem Tab)\" href=\"https:\/\/leinwandmieten.at\/?page_id=55\" target=\"_blank\">20.000<\/a> ANSI Lumen infrage.<\/p>\n\n\n\n<h2 class=\"wp-block-heading\">Beamer Verleih Wien &#8211; Mieten Sie den Canon WUX5000!<\/h2>\n\n\n\n<p>Mieten Sie den Canon WUX5000 Beamer aus unserem Verleih in Wien. Einfach und unkompliziert:<\/p>\n\n\n\n<p>Ger\u00e4tebezeichnung: CANON WUX5000<\/p>\n\n\n\n<p>Objektive: Standardobjektiv \/ Weitere Objektive auf Anfrage. <\/p>\n\n\n\n<p><em>Tagesmietpreis: 285,00 Euro<\/em><\/p>\n\n\n\n<p><strong><a href=\"https:\/\/leinwandmieten.at\/?page_id=9\" target=\"_blank\" rel=\"noreferrer noopener\">Kontaktieren Sie uns!<\/a><\/strong><\/p>\n","protected":false},"excerpt":{"rendered":"<p>Beamer Verleih Wien: Mieten Sie den 5.000 ANSI Lumen Beamer mit WUXGA Aufl\u00f6sung! Wenn sowohl die Lichtst\u00e4rke als auch die absolute Qualit\u00e4t der Bilder eine gewichtige Rolle spielen, dann sind Sie hier richtig. Mieten Sie den Canon WUX5000 Beamer aus unserem Verleih in Wien. Die LCOS Technik dieses Projektors bringt erstaunlich realistische Bilder auf die &hellip; <\/p>\n<p class=\"link-more\"><a href=\"https:\/\/leinwandmieten.at\/?page_id=277\" class=\"more-link\"><span class=\"screen-reader-text\">\u201e5.000 ANSI Lumen WUXGA\u201c<\/span> weiterlesen<\/a><\/p>\n","protected":false},"author":1,"featured_media":0,"parent":0,"menu_order":0,"comment_status":"closed","ping_status":"closed","template":"","meta":{"_exactmetrics_skip_tracking":false,"_exactmetrics_sitenote_active":false,"_exactmetrics_sitenote_note":"","_exactmetrics_sitenote_category":0,"footnotes":""},"class_list":["post-277","page","type-page","status-publish","hentry"],"aioseo_notices":[],"_links":{"self":[{"href":"https:\/\/leinwandmieten.at\/index.php?rest_route=\/wp\/v2\/pages\/277","targetHints":{"allow":["GET"]}}],"collection":[{"href":"https:\/\/leinwandmieten.at\/index.php?rest_route=\/wp\/v2\/pages"}],"about":[{"href":"https:\/\/leinwandmieten.at\/index.php?rest_route=\/wp\/v2\/types\/page"}],"author":[{"embeddable":true,"href":"https:\/\/leinwandmieten.at\/index.php?rest_route=\/wp\/v2\/users\/1"}],"replies":[{"embeddable":true,"href":"https:\/\/leinwandmieten.at\/index.php?rest_route=%2Fwp%2Fv2%2Fcomments&post=277"}],"version-history":[{"count":8,"href":"https:\/\/leinwandmieten.at\/index.php?rest_route=\/wp\/v2\/pages\/277\/revisions"}],"predecessor-version":[{"id":431,"href":"https:\/\/leinwandmieten.at\/index.php?rest_route=\/wp\/v2\/pages\/277\/revisions\/431"}],"wp:attachment":[{"href":"https:\/\/leinwandmieten.at\/index.php?rest_route=%2Fwp%2Fv2%2Fmedia&parent=277"}],"curies":[{"name":"wp","href":"https:\/\/api.w.org\/{rel}","templated":true}]}}