{"id":276,"date":"2019-10-22T07:00:19","date_gmt":"2019-10-22T07:00:19","guid":{"rendered":"http:\/\/leinwandmieten.at\/?page_id=276"},"modified":"2019-10-22T16:46:24","modified_gmt":"2019-10-22T16:46:24","slug":"10-600-ansi-lumen-wuxga","status":"publish","type":"page","link":"https:\/\/leinwandmieten.at\/?page_id=276","title":{"rendered":"10.600 ANSI Lumen WUXGA"},"content":{"rendered":"\n<h2 class=\"wp-block-heading\">Beamerverleih in Wien &#8211; Beamer mit mehr als 10.000 ANSI Lumen mieten! <\/h2>\n\n\n\n<p>Bei leinwandmieten.at in Wien mieten Sie Projektoren unterschiedlicher Leistungsklassen. In unserem Verleih mit Lager in Wien und St. P\u00f6lten gibt es Beamer mit bis zu 20.000 ANSI Lumen. Einfache Ger\u00e4te bereits ab 48 Euro pro Tag!<\/p>\n\n\n\n<p>Mit dem 10.600 ANSI-Lumen PT-DZ10k von Panasonic mieten Sie einen besonders leistungsf\u00e4higen und gleichzeitig kompakten Projektor! Gerade einmal 24 Kilogramm und dennoch taghell! In unserem Verleih mieten Sie diesen Projektor bereits ab 596,00 Euro pro Tag!<\/p>\n\n\n\n<figure class=\"wp-block-image\"><img loading=\"lazy\" decoding=\"async\" width=\"1024\" height=\"668\" src=\"https:\/\/leinwandmieten.at\/wp-content\/uploads\/2019\/08\/Beamerverleih-1024x668.jpg\" alt=\"\" class=\"wp-image-213\" srcset=\"https:\/\/leinwandmieten.at\/wp-content\/uploads\/2019\/08\/Beamerverleih.jpg 1024w, https:\/\/leinwandmieten.at\/wp-content\/uploads\/2019\/08\/Beamerverleih-300x196.jpg 300w, https:\/\/leinwandmieten.at\/wp-content\/uploads\/2019\/08\/Beamerverleih-768x501.jpg 768w\" sizes=\"auto, (max-width: 767px) 89vw, (max-width: 1000px) 54vw, (max-width: 1071px) 543px, 580px\" \/><figcaption>Beamerverleih Wien &#8211; Die 10.000er-Klasse mit dem Panasonic PT-DZ10k<\/figcaption><\/figure>\n\n\n\n<h2 class=\"wp-block-heading\">Beamer mieten in Wien &#8211; 10.600 ANSI Lumen, Full HD! <\/h2>\n\n\n\n<p>Trotz des geringen Gewichts bringt der PT-DZ10k beeindruckende technische Daten. Mit diesem Beamer mieten Sie erstklassisge Bildqualit\u00e4t hinsichtlich Bildaufl\u00f6sung. Immerhin bringt dieser Projektor aus unserem Verleih eine native Bildaufl\u00f6sung von 1920 x 1200 Bildpunkten. F\u00fcr ein au\u00dfergew\u00f6hnlich hohes Kontrastverh\u00e4ltnis sorgt dabei das 3-Chip DLP-System. Hier steht f\u00fcr jede der drei Grundfarben, Rot, Gr\u00fcn und Blau, ein eigener Bildwandler zur Verf\u00fcgung. Jede Farbe wird damit einzeln und vollst\u00e4ndig dargestellt.<\/p>\n\n\n\n<p>Auch anschlussseitig gibt sich der PT-DZ10k sehr offen. Sowohl die \u00fcblichen VGA- und HDMI-Anschl\u00fcsse, wie auch die professionellen SDI-Eing\u00e4nge erlauben eine vielf\u00e4ltie Nutzung in unterschiedlichen Setups.<\/p>\n\n\n\n<h2 class=\"wp-block-heading\">Beamer Verleih in Wien &#8211; Nicht alle Locations sind gleich! <\/h2>\n\n\n\n<p>In vielen F\u00e4llen reicht ein herk\u00f6mmlicher Projektor aus unserem umfangreichen Verleih vollkommen aus. In anspruchsvollen Locations muss ein Projektor aus unserem Mietpark allerdings auch flexibel sein. Und genau dann ist der DZ-10k goldrichtig.<\/p>\n\n\n\n<p>Mit diesem professional-grade Beamer mieten Sie h\u00f6chste Leistung und h\u00f6chste Flexibilit\u00e4t. Je nach Bedarf kann dieser Projektor mit unterschiedlichen Objektiven ausgestattet werden. In unserem Verleih findet sich eine breite Auswahl an passenden Objektiven f\u00fcr unterschiedliche Anwendungen. Wir haben Objektive f\u00fcr Projektionen aus eher kurzer Distanz und Linsen f\u00fcr Bilder aus gr\u00f6\u00dferer Entfernung. <\/p>\n\n\n\n<h2 class=\"wp-block-heading\">Beamer mieten in Wien &#8211; Kontakt: <\/h2>\n\n\n\n<p>Passende Leinwand dazu? <a rel=\"noreferrer noopener\" href=\"https:\/\/leinwandmieten.at\/?page_id=37\" target=\"_blank\">Leinwand 4 x 2,34 Meter Aufprojektion<\/a>, <a rel=\"noreferrer noopener\" href=\"https:\/\/leinwandmieten.at\/?page_id=48\" target=\"_blank\">Leinwand 4 x 2,34 Meter R\u00fcckprojektion<\/a>. Weiteres Zubeh\u00f6r im Bereich <a rel=\"noreferrer noopener\" href=\"https:\/\/leinwandmieten.at\/?page_id=22\" target=\"_blank\">AV-Technik \/ Zubeh\u00f6r.<\/a><\/p>\n\n\n\n<p>Ger\u00e4tebezeichnung: Panasonic PT-DZ10k<\/p>\n\n\n\n<p>Objektive: Nach Bedarf verf\u00fcgbar.<\/p>\n\n\n\n<p><em>Tagesmietpreis: 596,00 Euro<\/em><\/p>\n\n\n\n<p><\/p>\n\n\n\n<p><strong><a rel=\"noreferrer noopener\" href=\"https:\/\/leinwandmieten.at\/?page_id=9\" target=\"_blank\">Kontaktieren Sie uns!<\/a><\/strong><\/p>\n","protected":false},"excerpt":{"rendered":"<p>Beamerverleih in Wien &#8211; Beamer mit mehr als 10.000 ANSI Lumen mieten! Bei leinwandmieten.at in Wien mieten Sie Projektoren unterschiedlicher Leistungsklassen. In unserem Verleih mit Lager in Wien und St. P\u00f6lten gibt es Beamer mit bis zu 20.000 ANSI Lumen. Einfache Ger\u00e4te bereits ab 48 Euro pro Tag! Mit dem 10.600 ANSI-Lumen PT-DZ10k von Panasonic &hellip; <\/p>\n<p class=\"link-more\"><a href=\"https:\/\/leinwandmieten.at\/?page_id=276\" class=\"more-link\"><span class=\"screen-reader-text\">\u201e10.600 ANSI Lumen WUXGA\u201c<\/span> weiterlesen<\/a><\/p>\n","protected":false},"author":1,"featured_media":0,"parent":0,"menu_order":0,"comment_status":"closed","ping_status":"closed","template":"","meta":{"_exactmetrics_skip_tracking":false,"_exactmetrics_sitenote_active":false,"_exactmetrics_sitenote_note":"","_exactmetrics_sitenote_category":0,"footnotes":""},"class_list":["post-276","page","type-page","status-publish","hentry"],"aioseo_notices":[],"_links":{"self":[{"href":"https:\/\/leinwandmieten.at\/index.php?rest_route=\/wp\/v2\/pages\/276","targetHints":{"allow":["GET"]}}],"collection":[{"href":"https:\/\/leinwandmieten.at\/index.php?rest_route=\/wp\/v2\/pages"}],"about":[{"href":"https:\/\/leinwandmieten.at\/index.php?rest_route=\/wp\/v2\/types\/page"}],"author":[{"embeddable":true,"href":"https:\/\/leinwandmieten.at\/index.php?rest_route=\/wp\/v2\/users\/1"}],"replies":[{"embeddable":true,"href":"https:\/\/leinwandmieten.at\/index.php?rest_route=%2Fwp%2Fv2%2Fcomments&post=276"}],"version-history":[{"count":5,"href":"https:\/\/leinwandmieten.at\/index.php?rest_route=\/wp\/v2\/pages\/276\/revisions"}],"predecessor-version":[{"id":407,"href":"https:\/\/leinwandmieten.at\/index.php?rest_route=\/wp\/v2\/pages\/276\/revisions\/407"}],"wp:attachment":[{"href":"https:\/\/leinwandmieten.at\/index.php?rest_route=%2Fwp%2Fv2%2Fmedia&parent=276"}],"curies":[{"name":"wp","href":"https:\/\/api.w.org\/{rel}","templated":true}]}}