{"id":275,"date":"2019-10-22T07:00:19","date_gmt":"2019-10-22T07:00:19","guid":{"rendered":"http:\/\/leinwandmieten.at\/?page_id=275"},"modified":"2019-10-22T10:12:33","modified_gmt":"2019-10-22T10:12:33","slug":"aktivboxen","status":"publish","type":"page","link":"https:\/\/leinwandmieten.at\/?page_id=275","title":{"rendered":"Aktivboxen"},"content":{"rendered":"\n<h2 class=\"wp-block-heading\">Aktivboxen Verleih in Wien. Mieten Sie mobile Lautsprecher! <\/h2>\n\n\n\n<p>Aktivboxen aus unserem Verleih in Wien haben angenehme Vorteile. Im Vergleich zu ihren passiven Pendants haben Aktivboxen den Verst\u00e4rker bereits eingebaut. Sie mieten ein kompaktes Komplettpaket.  Einstecken, anstecken, loslegen. Bereits ab 35 Euro pro Tag mieten Sie bei uns in Wien eine JBL-EON610 oder EON615 Aktivbox!<\/p>\n\n\n\n<figure class=\"wp-block-image\"><img loading=\"lazy\" decoding=\"async\" width=\"768\" height=\"505\" src=\"https:\/\/leinwandmieten.at\/wp-content\/uploads\/2019\/10\/JBL-EON.jpg\" alt=\"\" class=\"wp-image-339\" srcset=\"https:\/\/leinwandmieten.at\/wp-content\/uploads\/2019\/10\/JBL-EON.jpg 768w, https:\/\/leinwandmieten.at\/wp-content\/uploads\/2019\/10\/JBL-EON-300x197.jpg 300w\" sizes=\"auto, (max-width: 767px) 89vw, (max-width: 1000px) 54vw, (max-width: 1071px) 543px, 580px\" \/><figcaption>Aktivboxen aus unserem Verleih in Wien &#8211; Mieten Sie eine JBL EON610 oder EON615 Aktivbox!<\/figcaption><\/figure>\n\n\n\n<p>Die Aktivboxen aus unserem Verleih in Wien sind f\u00fcr den harten Alltag bestens ger\u00fcstet. Schlagfestes Plastix und pulverbeschichtetes Stahlgitter sch\u00fctzen den Lautsprecher auch bei widrigen Bedingungen bestm\u00f6glich.  Die Performance ist dabei beeindrucken!<\/p>\n\n\n\n<h2 class=\"wp-block-heading\">Aktivboxen mieten &#8211; 1000 Watt aus unserem Verleih!<\/h2>\n\n\n\n<p>Pro Aktivbox steht Ihnen eine Leistung von 1000 Watt aus dem integrierten Verst\u00e4rker zur Verf\u00fcgung. Bereits mit wenigen Lautsprechern aus unserem Verleih lassen sich somit auch hohe Schallpegel erzielen. Bestens geeignet f\u00fcr kleine Mobildiscos, Hochzeits-DJs, &#8230; und nat\u00fcrlich auch Businessanwendungen. Mit nur zwei Lautsprechern lassen sich schnell und einfach Beschallungsl\u00f6sungen f\u00fcr Pressekonferenzen, Pr\u00e4sentationen und sonstige Veranstaltungen realisieren. <\/p>\n\n\n\n<h2 class=\"wp-block-heading\">Akkuboxen &#8211; Verleih in Wien! <\/h2>\n\n\n\n<p>Noch etwas mobiler geht es mit Akkuboxen aus unserem Verleih in Wien. \u00c4hnlich praktisch, dabei aber f\u00fcr mehrere Stunden komplett autark und unabh\u00e4ngig von der Stromversorgung? Wenn das etwas f\u00fcr Sie ist, dann sollten Sie einen Blick auf die <a href=\"https:\/\/leinwandmieten.at\/?page_id=239\" target=\"_blank\" rel=\"noreferrer noopener\" aria-label=\"Akkuboxen (\u00f6ffnet in neuem Tab)\">Akkuboxen<\/a> aus unserem Verleih in Wien werfen!<\/p>\n\n\n\n<p><\/p>\n\n\n\n<p>Brauchen Sie noch etwas dazu? Zum Beispiel: <a href=\"https:\/\/leinwandmieten.at\/?page_id=293\">DJ-Mixer,<\/a>  <a href=\"https:\/\/leinwandmieten.at\/?page_id=310\" target=\"_blank\" rel=\"noreferrer noopener\" aria-label=\" (\u00f6ffnet in neuem Tab)\">Funkmikrofone, &#8230;<\/a> <\/p>\n\n\n\n<p>Ger\u00e4tebezeichnung: JBL EON610 \/ 615<\/p>\n\n\n\n<p><em>Tagesmietpreis: 35,00 Euro<\/em><\/p>\n\n\n\n<p><\/p>\n\n\n\n<p><strong><a href=\"https:\/\/leinwandmieten.at\/?page_id=9\" target=\"_blank\" rel=\"noreferrer noopener\">Kontaktieren Sie uns!<\/a><\/strong><\/p>\n","protected":false},"excerpt":{"rendered":"<p>Aktivboxen Verleih in Wien. Mieten Sie mobile Lautsprecher! Aktivboxen aus unserem Verleih in Wien haben angenehme Vorteile. Im Vergleich zu ihren passiven Pendants haben Aktivboxen den Verst\u00e4rker bereits eingebaut. Sie mieten ein kompaktes Komplettpaket. Einstecken, anstecken, loslegen. Bereits ab 35 Euro pro Tag mieten Sie bei uns in Wien eine JBL-EON610 oder EON615 Aktivbox! Die &hellip; <\/p>\n<p class=\"link-more\"><a href=\"https:\/\/leinwandmieten.at\/?page_id=275\" class=\"more-link\"><span class=\"screen-reader-text\">\u201eAktivboxen\u201c<\/span> weiterlesen<\/a><\/p>\n","protected":false},"author":1,"featured_media":0,"parent":0,"menu_order":0,"comment_status":"closed","ping_status":"closed","template":"","meta":{"_exactmetrics_skip_tracking":false,"_exactmetrics_sitenote_active":false,"_exactmetrics_sitenote_note":"","_exactmetrics_sitenote_category":0,"footnotes":""},"class_list":["post-275","page","type-page","status-publish","hentry"],"aioseo_notices":[],"_links":{"self":[{"href":"https:\/\/leinwandmieten.at\/index.php?rest_route=\/wp\/v2\/pages\/275","targetHints":{"allow":["GET"]}}],"collection":[{"href":"https:\/\/leinwandmieten.at\/index.php?rest_route=\/wp\/v2\/pages"}],"about":[{"href":"https:\/\/leinwandmieten.at\/index.php?rest_route=\/wp\/v2\/types\/page"}],"author":[{"embeddable":true,"href":"https:\/\/leinwandmieten.at\/index.php?rest_route=\/wp\/v2\/users\/1"}],"replies":[{"embeddable":true,"href":"https:\/\/leinwandmieten.at\/index.php?rest_route=%2Fwp%2Fv2%2Fcomments&post=275"}],"version-history":[{"count":3,"href":"https:\/\/leinwandmieten.at\/index.php?rest_route=\/wp\/v2\/pages\/275\/revisions"}],"predecessor-version":[{"id":344,"href":"https:\/\/leinwandmieten.at\/index.php?rest_route=\/wp\/v2\/pages\/275\/revisions\/344"}],"wp:attachment":[{"href":"https:\/\/leinwandmieten.at\/index.php?rest_route=%2Fwp%2Fv2%2Fmedia&parent=275"}],"curies":[{"name":"wp","href":"https:\/\/api.w.org\/{rel}","templated":true}]}}