{"id":273,"date":"2019-10-22T07:00:19","date_gmt":"2019-10-22T07:00:19","guid":{"rendered":"http:\/\/leinwandmieten.at\/?page_id=273"},"modified":"2019-10-24T08:17:58","modified_gmt":"2019-10-24T08:17:58","slug":"dj-player","status":"publish","type":"page","link":"https:\/\/leinwandmieten.at\/?page_id=273","title":{"rendered":"DJ Player"},"content":{"rendered":"\n<h2 class=\"wp-block-heading\">Verleih in Wien: Pioneer PRO DJ Equipment mieten!  <\/h2>\n\n\n\n<p>Mieten Sie aus unserem Verleih in Wien und St. P\u00f6lten Pioneer PRO DJ Equipment. Bei uns mieten Sie den <a rel=\"noreferrer noopener\" aria-label=\"Pioneer CDJ900 Nexus (\u00f6ffnet in neuem Tab)\" href=\"https:\/\/leinwandmieten.at\/?page_id=241\" target=\"_blank\">Pioneer CDJ900 Nexus<\/a>, <a rel=\"noreferrer noopener\" aria-label=\"CDJ2000 (\u00f6ffnet in neuem Tab)\" href=\"https:\/\/leinwandmieten.at\/?page_id=240\" target=\"_blank\">CDJ2000<\/a>, <a rel=\"noreferrer noopener\" aria-label=\"CDJ2000 Nexus (\u00f6ffnet in neuem Tab)\" href=\"https:\/\/leinwandmieten.at\/?page_id=242\" target=\"_blank\">CDJ2000 Nexus<\/a> und den <a href=\"https:\/\/leinwandmieten.at\/?page_id=244\" target=\"_blank\" rel=\"noreferrer noopener\" aria-label=\"CDJ2000 Nexus-2 (\u00f6ffnet in neuem Tab)\">CDJ2000 Nexus-2<\/a>! Player mieten Sie bereits ab 45 Euro pro Tag!<\/p>\n\n\n\n<figure class=\"wp-block-image\"><img loading=\"lazy\" decoding=\"async\" width=\"1024\" height=\"683\" src=\"https:\/\/leinwandmieten.at\/wp-content\/uploads\/2019\/07\/DJM900Sez-1024x683.jpg\" alt=\"\" class=\"wp-image-208\" srcset=\"https:\/\/leinwandmieten.at\/wp-content\/uploads\/2019\/07\/DJM900Sez-1024x683.jpg 1024w, https:\/\/leinwandmieten.at\/wp-content\/uploads\/2019\/07\/DJM900Sez-300x200.jpg 300w, https:\/\/leinwandmieten.at\/wp-content\/uploads\/2019\/07\/DJM900Sez-768x512.jpg 768w, https:\/\/leinwandmieten.at\/wp-content\/uploads\/2019\/07\/DJM900Sez.jpg 1600w\" sizes=\"auto, (max-width: 767px) 89vw, (max-width: 1000px) 54vw, (max-width: 1071px) 543px, 580px\" \/><figcaption>Verleih in Wien und St. P\u00f6lten: Pioneer PRO DJ Equipment.<\/figcaption><\/figure>\n\n\n\n<p>Mischpulte beziehungsweise DJ Mixer gibt\u00b4s nat\u00fcrlich auch. In unserem Verleih in Wie und St. P\u00f6lten gibt es auch hier das Beste aus dem Pioneer PRO DJ Equipment! Mieten Sie beispielsweise das <a rel=\"noreferrer noopener\" aria-label=\"Pioneer DJM700 (\u00f6ffnet in neuem Tab)\" href=\"https:\/\/leinwandmieten.at\/?page_id=245\" target=\"_blank\">Pioneer DJM700<\/a>, <a rel=\"noreferrer noopener\" aria-label=\"DJM800 (\u00f6ffnet in neuem Tab)\" href=\"https:\/\/leinwandmieten.at\/?page_id=246\" target=\"_blank\">DJM800<\/a>, <a rel=\"noreferrer noopener\" aria-label=\"DJM900 Nexus (\u00f6ffnet in neuem Tab)\" href=\"https:\/\/leinwandmieten.at\/?page_id=247\" target=\"_blank\">DJM900 Nexus<\/a> oder das <a href=\"https:\/\/leinwandmieten.at\/?page_id=248\" target=\"_blank\" rel=\"noreferrer noopener\" aria-label=\"Flagschiff DJM2000 (\u00f6ffnet in neuem Tab)\">Flagschiff DJM2000<\/a>.<\/p>\n\n\n\n<h2 class=\"wp-block-heading\">Mieten Sie Akkulautsprecher aus unserem Verleih in Wien! <\/h2>\n\n\n\n<p>Passend zum DJ-Equipment finden Sie in unserem Verleih auch Zubeh\u00f6r: <a rel=\"noreferrer noopener\" aria-label=\"Funkmikrofone (\u00f6ffnet in neuem Tab)\" href=\"https:\/\/leinwandmieten.at\/?page_id=310\" target=\"_blank\">Funkmikrofone<\/a>, Monitorboxen und ganze Soundanlagen. Wahlweise <a rel=\"noreferrer noopener\" aria-label=\"Aktivboxen (\u00f6ffnet in neuem Tab)\" href=\"https:\/\/leinwandmieten.at\/?page_id=275\" target=\"_blank\">Aktivboxen<\/a> oder auch <a href=\"https:\/\/leinwandmieten.at\/?page_id=239\" target=\"_blank\" rel=\"noreferrer noopener\" aria-label=\"Akkulautsprecher f\u00fcr stundenlange mobile Unabh\u00e4ngigkeit (\u00f6ffnet in neuem Tab)\">Akkulautsprecher f\u00fcr stundenlange mobile Unabh\u00e4ngigkeit<\/a>!<\/p>\n\n\n\n<figure class=\"wp-block-image\"><img loading=\"lazy\" decoding=\"async\" width=\"750\" height=\"750\" src=\"https:\/\/leinwandmieten.at\/wp-content\/uploads\/2019\/10\/Akkubox.jpg\" alt=\"\" class=\"wp-image-329\" srcset=\"https:\/\/leinwandmieten.at\/wp-content\/uploads\/2019\/10\/Akkubox.jpg 750w, https:\/\/leinwandmieten.at\/wp-content\/uploads\/2019\/10\/Akkubox-150x150.jpg 150w, https:\/\/leinwandmieten.at\/wp-content\/uploads\/2019\/10\/Akkubox-300x300.jpg 300w, https:\/\/leinwandmieten.at\/wp-content\/uploads\/2019\/10\/Akkubox-100x100.jpg 100w\" sizes=\"auto, (max-width: 706px) 89vw, (max-width: 767px) 82vw, 740px\" \/><figcaption>Akkulautsprecher: Mieten Sie mobile Lautsprecher aus unserem Verleih in Wien.<\/figcaption><\/figure>\n","protected":false},"excerpt":{"rendered":"<p>Verleih in Wien: Pioneer PRO DJ Equipment mieten! Mieten Sie aus unserem Verleih in Wien und St. P\u00f6lten Pioneer PRO DJ Equipment. Bei uns mieten Sie den Pioneer CDJ900 Nexus, CDJ2000, CDJ2000 Nexus und den CDJ2000 Nexus-2! Player mieten Sie bereits ab 45 Euro pro Tag! Mischpulte beziehungsweise DJ Mixer gibt\u00b4s nat\u00fcrlich auch. In unserem &hellip; <\/p>\n<p class=\"link-more\"><a href=\"https:\/\/leinwandmieten.at\/?page_id=273\" class=\"more-link\"><span class=\"screen-reader-text\">\u201eDJ Player\u201c<\/span> weiterlesen<\/a><\/p>\n","protected":false},"author":1,"featured_media":0,"parent":0,"menu_order":0,"comment_status":"closed","ping_status":"closed","template":"","meta":{"_exactmetrics_skip_tracking":false,"_exactmetrics_sitenote_active":false,"_exactmetrics_sitenote_note":"","_exactmetrics_sitenote_category":0,"footnotes":""},"class_list":["post-273","page","type-page","status-publish","hentry"],"aioseo_notices":[],"_links":{"self":[{"href":"https:\/\/leinwandmieten.at\/index.php?rest_route=\/wp\/v2\/pages\/273","targetHints":{"allow":["GET"]}}],"collection":[{"href":"https:\/\/leinwandmieten.at\/index.php?rest_route=\/wp\/v2\/pages"}],"about":[{"href":"https:\/\/leinwandmieten.at\/index.php?rest_route=\/wp\/v2\/types\/page"}],"author":[{"embeddable":true,"href":"https:\/\/leinwandmieten.at\/index.php?rest_route=\/wp\/v2\/users\/1"}],"replies":[{"embeddable":true,"href":"https:\/\/leinwandmieten.at\/index.php?rest_route=%2Fwp%2Fv2%2Fcomments&post=273"}],"version-history":[{"count":3,"href":"https:\/\/leinwandmieten.at\/index.php?rest_route=\/wp\/v2\/pages\/273\/revisions"}],"predecessor-version":[{"id":441,"href":"https:\/\/leinwandmieten.at\/index.php?rest_route=\/wp\/v2\/pages\/273\/revisions\/441"}],"wp:attachment":[{"href":"https:\/\/leinwandmieten.at\/index.php?rest_route=%2Fwp%2Fv2%2Fmedia&parent=273"}],"curies":[{"name":"wp","href":"https:\/\/api.w.org\/{rel}","templated":true}]}}