{"id":272,"date":"2019-10-22T07:00:19","date_gmt":"2019-10-22T07:00:19","guid":{"rendered":"http:\/\/leinwandmieten.at\/?page_id=272"},"modified":"2019-10-24T08:30:31","modified_gmt":"2019-10-24T08:30:31","slug":"dj-mixer","status":"publish","type":"page","link":"https:\/\/leinwandmieten.at\/?page_id=272","title":{"rendered":"DJ-Mixer"},"content":{"rendered":"\n<h2 class=\"wp-block-heading\">DJ Equipment Verleih in Wien &#8211; Pioneer DJ Mixer! <\/h2>\n\n\n\n<p>Mieten Sie Pioneer DJ Equipment aus unserem Verleih in Wien: Bei uns gibt es das Beste DJ Equipment aus der Pioneer PRO DJ Serie. DJ Mixer der Serien DJM700, DJM800, DJM900 und nat\u00fcrlich das Flagschiffmodell DJM2000.<\/p>\n\n\n\n<figure class=\"wp-block-image\"><img loading=\"lazy\" decoding=\"async\" width=\"768\" height=\"512\" src=\"https:\/\/leinwandmieten.at\/wp-content\/uploads\/2019\/10\/DJSet.jpg\" alt=\"\" class=\"wp-image-442\" srcset=\"https:\/\/leinwandmieten.at\/wp-content\/uploads\/2019\/10\/DJSet.jpg 768w, https:\/\/leinwandmieten.at\/wp-content\/uploads\/2019\/10\/DJSet-300x200.jpg 300w\" sizes=\"auto, (max-width: 767px) 89vw, (max-width: 1000px) 54vw, (max-width: 1071px) 543px, 580px\" \/><\/figure>\n\n\n\n<p>Apropos DJ Equipment Verleih in Wien: Sie erhalten bei uns passend dazu nat\u00fcrlich auch <a rel=\"noreferrer noopener\" aria-label=\"DJ Player von Pioneer (\u00f6ffnet in neuem Tab)\" href=\"https:\/\/leinwandmieten.at\/?page_id=273\" target=\"_blank\">DJ Player von Pioneer<\/a>. Mieten Sie aus unserem Verleih au\u00dferdem n\u00fctzliches Zubeh\u00f6r wie <a rel=\"noreferrer noopener\" aria-label=\"Funkmikrofone (\u00f6ffnet in neuem Tab)\" href=\"https:\/\/leinwandmieten.at\/?page_id=310\" target=\"_blank\">Funkmikrofone<\/a>, <a rel=\"noreferrer noopener\" aria-label=\"Akkuboxen (\u00f6ffnet in neuem Tab)\" href=\"https:\/\/leinwandmieten.at\/?page_id=239\" target=\"_blank\">Akkuboxen<\/a> oder herk\u00f6mmliche <a rel=\"noreferrer noopener\" aria-label=\"Aktivlautsprecher (\u00f6ffnet in neuem Tab)\" href=\"https:\/\/leinwandmieten.at\/?page_id=275\" target=\"_blank\">Aktivlautsprecher<\/a>. Multimedial wird es mit <a rel=\"noreferrer noopener\" aria-label=\"Beamern (\u00f6ffnet in neuem Tab)\" href=\"https:\/\/leinwandmieten.at\/?page_id=5\" target=\"_blank\">Beamern<\/a>, <a rel=\"noreferrer noopener\" aria-label=\"Leinw\u00e4nden (\u00f6ffnet in neuem Tab)\" href=\"https:\/\/leinwandmieten.at\/?page_id=4\" target=\"_blank\">Leinw\u00e4nden<\/a> und <a href=\"https:\/\/leinwandmieten.at\/?page_id=300\" target=\"_blank\" rel=\"noreferrer noopener\" aria-label=\"Flatscreens (\u00f6ffnet in neuem Tab)\">Flatscreens<\/a> aus unserem Verleih in Wien!<\/p>\n","protected":false},"excerpt":{"rendered":"<p>DJ Equipment Verleih in Wien &#8211; Pioneer DJ Mixer! Mieten Sie Pioneer DJ Equipment aus unserem Verleih in Wien: Bei uns gibt es das Beste DJ Equipment aus der Pioneer PRO DJ Serie. DJ Mixer der Serien DJM700, DJM800, DJM900 und nat\u00fcrlich das Flagschiffmodell DJM2000. Apropos DJ Equipment Verleih in Wien: Sie erhalten bei uns &hellip; <\/p>\n<p class=\"link-more\"><a href=\"https:\/\/leinwandmieten.at\/?page_id=272\" class=\"more-link\"><span class=\"screen-reader-text\">\u201eDJ-Mixer\u201c<\/span> weiterlesen<\/a><\/p>\n","protected":false},"author":1,"featured_media":0,"parent":0,"menu_order":0,"comment_status":"closed","ping_status":"closed","template":"","meta":{"_exactmetrics_skip_tracking":false,"_exactmetrics_sitenote_active":false,"_exactmetrics_sitenote_note":"","_exactmetrics_sitenote_category":0,"footnotes":""},"class_list":["post-272","page","type-page","status-publish","hentry"],"aioseo_notices":[],"_links":{"self":[{"href":"https:\/\/leinwandmieten.at\/index.php?rest_route=\/wp\/v2\/pages\/272","targetHints":{"allow":["GET"]}}],"collection":[{"href":"https:\/\/leinwandmieten.at\/index.php?rest_route=\/wp\/v2\/pages"}],"about":[{"href":"https:\/\/leinwandmieten.at\/index.php?rest_route=\/wp\/v2\/types\/page"}],"author":[{"embeddable":true,"href":"https:\/\/leinwandmieten.at\/index.php?rest_route=\/wp\/v2\/users\/1"}],"replies":[{"embeddable":true,"href":"https:\/\/leinwandmieten.at\/index.php?rest_route=%2Fwp%2Fv2%2Fcomments&post=272"}],"version-history":[{"count":2,"href":"https:\/\/leinwandmieten.at\/index.php?rest_route=\/wp\/v2\/pages\/272\/revisions"}],"predecessor-version":[{"id":443,"href":"https:\/\/leinwandmieten.at\/index.php?rest_route=\/wp\/v2\/pages\/272\/revisions\/443"}],"wp:attachment":[{"href":"https:\/\/leinwandmieten.at\/index.php?rest_route=%2Fwp%2Fv2%2Fmedia&parent=272"}],"curies":[{"name":"wp","href":"https:\/\/api.w.org\/{rel}","templated":true}]}}