{"id":242,"date":"2019-10-22T06:55:40","date_gmt":"2019-10-22T06:55:40","guid":{"rendered":"http:\/\/leinwandmieten.at\/?page_id=242"},"modified":"2019-10-22T17:54:33","modified_gmt":"2019-10-22T17:54:33","slug":"pioneer-cdj2000-nexus","status":"publish","type":"page","link":"https:\/\/leinwandmieten.at\/?page_id=242","title":{"rendered":"Pioneer CDJ2000 Nexus"},"content":{"rendered":"\n<h2 class=\"wp-block-heading\">Mieten Sie den Pioneer CDJ2000 Nexus aus unserem Verleih in Wien! <\/h2>\n\n\n\n<p>Die Evolution einer Legende. Mieten Sie den  CDJ2000 Nexus aus unserem Verleih. Direkt in Wien und schon ab 65 Euro pro Tag!<\/p>\n\n\n\n<p>War der erste Pioneer CDJ2000 ein Durchbruch im digitalen DJ-Business, so setzt der Nachfolger CDJ2000 Nexus aus unserem Verleih noch ein paar sch\u00f6ne St\u00fccke drauf. Automatische Link- und Synchronisationsfunktionen erleichtern die Bedienung im Alltag. Und die neue Slip-Funktion erm\u00f6glicht spektakul\u00e4re Audio-Effekte. Mieten Sie den Pioneer CDJ2000 Nexus aus unserem Verleih in Wien f\u00fcr besonders ambitioniertes digitales DJ-ing. <\/p>\n\n\n\n<p>Wobei: Der CDJ2000 Nexus macht nicht blo\u00df als DJ-Player eine gute Figur. Auch als multimedialer Zuspieler auf Veranstaltungen ist er ein n\u00fctzlicher Helfer. Gerade dann, wenn Sie nicht wissen, welche Mediendaten von G\u00e4sten und \/ oder Kunden angeliefert werden, sind sie durch die multimedialen F\u00e4higkeiten des CDJ2000 Nexus auf einer sicheren Seite. <\/p>\n\n\n\n<figure class=\"wp-block-image\"><img loading=\"lazy\" decoding=\"async\" width=\"1024\" height=\"683\" src=\"https:\/\/leinwandmieten.at\/wp-content\/uploads\/2019\/10\/djset-1-1024x683.jpg\" alt=\"\" class=\"wp-image-420\" srcset=\"https:\/\/leinwandmieten.at\/wp-content\/uploads\/2019\/10\/djset-1-1024x683.jpg 1024w, https:\/\/leinwandmieten.at\/wp-content\/uploads\/2019\/10\/djset-1-300x200.jpg 300w, https:\/\/leinwandmieten.at\/wp-content\/uploads\/2019\/10\/djset-1-768x512.jpg 768w, https:\/\/leinwandmieten.at\/wp-content\/uploads\/2019\/10\/djset-1.jpg 1200w\" sizes=\"auto, (max-width: 767px) 89vw, (max-width: 1000px) 54vw, (max-width: 1071px) 543px, 580px\" \/><figcaption>Vorne: Der Pioneer CDJ2000 Nexus aus unserem Verleih neben einem Pioneer DJM900 Nexus.<\/figcaption><\/figure>\n\n\n\n<h2 class=\"wp-block-heading\">DJ Equipment Verleih in Wien: Mieten Sie den Pioneer CDJ2000 Nexus! <\/h2>\n\n\n\n<p>Die Zeiten, als man mit Schallplatten oder CD-Koffern durch die Nacht eilte, sind l\u00e4ngst vorbei. Heute teilen Sie Mediadaten ganz einfach \u00fcber das Playernetzwerk und daf\u00fcr reichen ein USB-Stick oder eine SD-Karte. Mit einem einfachen Netzwerekkabel k\u00f6nnen auch andere Player wie der <a rel=\"noreferrer noopener\" href=\"https:\/\/leinwandmieten.at\/?page_id=241\" target=\"_blank\">CDJ900-Nexus<\/a>, der <a rel=\"noreferrer noopener\" href=\"https:\/\/leinwandmieten.at\/?page_id=242\" target=\"_blank\">CDJ2000-Nexus<\/a> oder der <a rel=\"noreferrer noopener\" href=\"https:\/\/leinwandmieten.at\/?page_id=244\" target=\"_blank\">CDJ2000-Nexus2<\/a> aus unserem Verleih verbunden werden.  <\/p>\n\n\n\n<p>Selbstverst\u00e4ndlich finden Sie neben dem Pioneer CDJ2000 mieten Sie in unserem Verleih auch DJ-Mixer. Je nach Geschmack entscheiden Sie sich f\u00fcr den vergleichsweise konservativen <a rel=\"noreferrer noopener\" aria-label=\"Pioneer DJM700 (\u00f6ffnet in neuem Tab)\" href=\"https:\/\/leinwandmieten.at\/?page_id=245\" target=\"_blank\">Pioneer DJM700<\/a>. Wer auf volldigitale Signalverarbeitung setzt, hat die Wahl zwischen dem <a rel=\"noreferrer noopener\" aria-label=\"DJM800 (\u00f6ffnet in neuem Tab)\" href=\"https:\/\/leinwandmieten.at\/?page_id=246\" target=\"_blank\">DJM800<\/a>, <a rel=\"noreferrer noopener\" aria-label=\"DJM900-Nexus (\u00f6ffnet in neuem Tab)\" href=\"https:\/\/leinwandmieten.at\/?page_id=247\" target=\"_blank\">DJM900-Nexus<\/a> und dem <a rel=\"noreferrer noopener\" aria-label=\"DJM2000 (\u00f6ffnet in neuem Tab)\" href=\"https:\/\/leinwandmieten.at\/?page_id=240\" target=\"_blank\">DJM2000<\/a>!<\/p>\n\n\n\n<p>Ger\u00e4tebezeichnung: PIONEER CDJ2000 Nexus<\/p>\n\n\n\n<p><em>Tagesmietpreis: 65,00 Euro<\/em><\/p>\n\n\n\n<p><strong><a rel=\"noreferrer noopener\" href=\"https:\/\/leinwandmieten.at\/?page_id=9\" target=\"_blank\">Kontaktieren Sie uns!<\/a><\/strong><\/p>\n\n\n<p><!--EndFragment--><br>\n<br>\n<\/p>","protected":false},"excerpt":{"rendered":"<p>Mieten Sie den Pioneer CDJ2000 Nexus aus unserem Verleih in Wien! Die Evolution einer Legende. Mieten Sie den CDJ2000 Nexus aus unserem Verleih. Direkt in Wien und schon ab 65 Euro pro Tag! War der erste Pioneer CDJ2000 ein Durchbruch im digitalen DJ-Business, so setzt der Nachfolger CDJ2000 Nexus aus unserem Verleih noch ein paar &hellip; <\/p>\n<p class=\"link-more\"><a href=\"https:\/\/leinwandmieten.at\/?page_id=242\" class=\"more-link\"><span class=\"screen-reader-text\">\u201ePioneer CDJ2000 Nexus\u201c<\/span> weiterlesen<\/a><\/p>\n","protected":false},"author":1,"featured_media":0,"parent":0,"menu_order":0,"comment_status":"closed","ping_status":"closed","template":"","meta":{"_exactmetrics_skip_tracking":false,"_exactmetrics_sitenote_active":false,"_exactmetrics_sitenote_note":"","_exactmetrics_sitenote_category":0,"footnotes":""},"class_list":["post-242","page","type-page","status-publish","hentry"],"aioseo_notices":[],"_links":{"self":[{"href":"https:\/\/leinwandmieten.at\/index.php?rest_route=\/wp\/v2\/pages\/242","targetHints":{"allow":["GET"]}}],"collection":[{"href":"https:\/\/leinwandmieten.at\/index.php?rest_route=\/wp\/v2\/pages"}],"about":[{"href":"https:\/\/leinwandmieten.at\/index.php?rest_route=\/wp\/v2\/types\/page"}],"author":[{"embeddable":true,"href":"https:\/\/leinwandmieten.at\/index.php?rest_route=\/wp\/v2\/users\/1"}],"replies":[{"embeddable":true,"href":"https:\/\/leinwandmieten.at\/index.php?rest_route=%2Fwp%2Fv2%2Fcomments&post=242"}],"version-history":[{"count":4,"href":"https:\/\/leinwandmieten.at\/index.php?rest_route=\/wp\/v2\/pages\/242\/revisions"}],"predecessor-version":[{"id":423,"href":"https:\/\/leinwandmieten.at\/index.php?rest_route=\/wp\/v2\/pages\/242\/revisions\/423"}],"wp:attachment":[{"href":"https:\/\/leinwandmieten.at\/index.php?rest_route=%2Fwp%2Fv2%2Fmedia&parent=242"}],"curies":[{"name":"wp","href":"https:\/\/api.w.org\/{rel}","templated":true}]}}