{"id":240,"date":"2019-10-22T06:55:39","date_gmt":"2019-10-22T06:55:39","guid":{"rendered":"http:\/\/leinwandmieten.at\/?page_id=240"},"modified":"2019-10-22T17:54:28","modified_gmt":"2019-10-22T17:54:28","slug":"pioneer-cdj2000","status":"publish","type":"page","link":"https:\/\/leinwandmieten.at\/?page_id=240","title":{"rendered":"Pioneer CDJ2000"},"content":{"rendered":"\n<h2 class=\"wp-block-heading\">Verleih in Wien: Mieten Sie den Pioneer CDJ2000 <\/h2>\n\n\n\n<p>Der beste Klassiker seit eigentlich immer. Mieten Sie aus unserem Verleih in Wien den legend\u00e4ren Pioneer CDJ2000. Schon seit rund 10 Jahren ist der Pioneer CDJ2000 aus unserem Verleih im Zentrum von Wien der Mittelpunkt der DJ-Szene. Bei uns mieten Sie diesen Player bereits ab 55 Euro pro Tag!<\/p>\n\n\n\n<p>Angefangen hat alles mit dem Pioneer CDJ100. Der f\u00fcr heutige Verh\u00e4ltnisse einfach CD-Player konnte gerade einmal erk\u00f6mmliche Audio-CDs abspielen. Genial dabei war, dass er ersch\u00fctterungsfest war und sogar ein paar rudiment\u00e4re Soundeffekte besa\u00df. Au\u00dferdem konnte schon der Ur-Vater des CDJ2000, den Sie bei uns in Wien mieten k\u00f6nnen, via Pitch-Bending das Abspieltempo variieren. Mit einem modernen DJ-Set, wie wir es heute kennen, hat das nat\u00fcrlich wenig zu tun.<\/p>\n\n\n\n<figure class=\"wp-block-image\"><img loading=\"lazy\" decoding=\"async\" width=\"1024\" height=\"683\" src=\"https:\/\/leinwandmieten.at\/wp-content\/uploads\/2019\/10\/djset-1024x683.jpg\" alt=\"\" class=\"wp-image-412\" srcset=\"https:\/\/leinwandmieten.at\/wp-content\/uploads\/2019\/10\/djset-1024x683.jpg 1024w, https:\/\/leinwandmieten.at\/wp-content\/uploads\/2019\/10\/djset-300x200.jpg 300w, https:\/\/leinwandmieten.at\/wp-content\/uploads\/2019\/10\/djset-768x512.jpg 768w, https:\/\/leinwandmieten.at\/wp-content\/uploads\/2019\/10\/djset.jpg 1200w\" sizes=\"auto, (max-width: 767px) 89vw, (max-width: 1000px) 54vw, (max-width: 1071px) 543px, 580px\" \/><figcaption>Modernes DJ-Set aus unserem Verleih in Wien: 2x CDJ2000 Nexus, 1x DJM900 Nexus.<\/figcaption><\/figure>\n\n\n\n<h2 class=\"wp-block-heading\">Mieten Sie den Pioneer CDJ2000 &#8211; Verleih direkt in Wien! <\/h2>\n\n\n\n<p>Der Nachfolger des bekannten CDJ1000 hat sich mittlerweile auch l\u00e4ngst zum Club-Standard gemausert. Neben unterschiedlichen Silberscheiben (CDs, DVDs) liest der CDJ2000 digitale Medien wie USB-Sticks und SD-Karten. Damit ist also endg\u00fcltig Schluss mut dem Herumtragen schwerer, mit CDs gef\u00fcllten silbernen Pilotenkoffer.<\/p>\n\n\n\n<p>Wenn Sie einen Pioneer CDJ2000 aus unserem Verleih direkt in Wien mieten, brauchen Sie nur einen einzigen USB-Stick. Mehr nicht.<\/p>\n\n\n\n<h2 class=\"wp-block-heading\">Pioneer CDJ2000 &#8211; Mieten Sie den linkf\u00e4higen Player aus unserem Verleih! <\/h2>\n\n\n\n<p>Ein USB-Stick reicht: Mehrere Player k\u00f6nnen ganz einfach mit einem handels\u00fcblichen Netzwerkkabel miteinander verbunden werden. Dadurch, dass die CDJ2000 aus unserem Verleih linkf\u00e4hig sind, k\u00f6nnen die Daten des USB-Sticks auf allen verbundenen Playern abgerufen und wiedergegeben werden. In das Playernetzwerk k\u00f6nnen auch andere Player wie der <a rel=\"noreferrer noopener\" aria-label=\"CDJ900-Nexus (\u00f6ffnet in neuem Tab)\" href=\"https:\/\/leinwandmieten.at\/?page_id=241\" target=\"_blank\">CDJ900-Nexus<\/a>, der <a rel=\"noreferrer noopener\" aria-label=\"CDJ2000-Nexus (\u00f6ffnet in neuem Tab)\" href=\"https:\/\/leinwandmieten.at\/?page_id=242\" target=\"_blank\">CDJ2000-Nexus<\/a> oder der <a href=\"https:\/\/leinwandmieten.at\/?page_id=244\" target=\"_blank\" rel=\"noreferrer noopener\" aria-label=\"CDJ2000-Nexus2 (\u00f6ffnet in neuem Tab)\">CDJ2000-Nexus2<\/a> aus unserem Verleih nahtlos eingebunden werden. <\/p>\n\n\n\n<p>Selbstverst\u00e4ndlich finden Sie neben dem Pioneer CDJ2000 mieten Sie in unserem Verleih auch DJ-Mixer. Je nach Geschmack entscheiden Sie sich f\u00fcr den vergleichsweise konservativen <a rel=\"noreferrer noopener\" aria-label=\"Pioneer DJM700 (\u00f6ffnet in neuem Tab)\" href=\"https:\/\/leinwandmieten.at\/?page_id=245\" target=\"_blank\">Pioneer DJM700<\/a>. Wer auf volldigitale Signalverarbeitung setzt, hat die Wahl zwischen dem <a rel=\"noreferrer noopener\" aria-label=\"DJM800 (\u00f6ffnet in neuem Tab)\" href=\"https:\/\/leinwandmieten.at\/?page_id=246\" target=\"_blank\">DJM800<\/a>, <a href=\"https:\/\/leinwandmieten.at\/?page_id=247\" target=\"_blank\" rel=\"noreferrer noopener\" aria-label=\"DJM900-Nexus (\u00f6ffnet in neuem Tab)\">DJM900-Nexus<\/a> und dem <a rel=\"noreferrer noopener\" aria-label=\"DJM2000 (\u00f6ffnet in neuem Tab)\" href=\"https:\/\/leinwandmieten.at\/?page_id=240\" target=\"_blank\">DJM2000<\/a>!<\/p>\n\n\n\n<p>Ger\u00e4tebezeichnung: PIONEER CDJ2000<\/p>\n\n\n\n<p><em>Tagesmietpreis: 55,00 Euro<\/em><\/p>\n\n\n\n<p><strong><a rel=\"noreferrer noopener\" href=\"https:\/\/leinwandmieten.at\/?page_id=9\" target=\"_blank\">Kontaktieren Sie uns!<\/a><\/strong><\/p>\n","protected":false},"excerpt":{"rendered":"<p>Verleih in Wien: Mieten Sie den Pioneer CDJ2000 Der beste Klassiker seit eigentlich immer. Mieten Sie aus unserem Verleih in Wien den legend\u00e4ren Pioneer CDJ2000. Schon seit rund 10 Jahren ist der Pioneer CDJ2000 aus unserem Verleih im Zentrum von Wien der Mittelpunkt der DJ-Szene. Bei uns mieten Sie diesen Player bereits ab 55 Euro &hellip; <\/p>\n<p class=\"link-more\"><a href=\"https:\/\/leinwandmieten.at\/?page_id=240\" class=\"more-link\"><span class=\"screen-reader-text\">\u201ePioneer CDJ2000\u201c<\/span> weiterlesen<\/a><\/p>\n","protected":false},"author":1,"featured_media":0,"parent":0,"menu_order":0,"comment_status":"closed","ping_status":"closed","template":"","meta":{"_exactmetrics_skip_tracking":false,"_exactmetrics_sitenote_active":false,"_exactmetrics_sitenote_note":"","_exactmetrics_sitenote_category":0,"footnotes":""},"class_list":["post-240","page","type-page","status-publish","hentry"],"aioseo_notices":[],"_links":{"self":[{"href":"https:\/\/leinwandmieten.at\/index.php?rest_route=\/wp\/v2\/pages\/240","targetHints":{"allow":["GET"]}}],"collection":[{"href":"https:\/\/leinwandmieten.at\/index.php?rest_route=\/wp\/v2\/pages"}],"about":[{"href":"https:\/\/leinwandmieten.at\/index.php?rest_route=\/wp\/v2\/types\/page"}],"author":[{"embeddable":true,"href":"https:\/\/leinwandmieten.at\/index.php?rest_route=\/wp\/v2\/users\/1"}],"replies":[{"embeddable":true,"href":"https:\/\/leinwandmieten.at\/index.php?rest_route=%2Fwp%2Fv2%2Fcomments&post=240"}],"version-history":[{"count":5,"href":"https:\/\/leinwandmieten.at\/index.php?rest_route=\/wp\/v2\/pages\/240\/revisions"}],"predecessor-version":[{"id":422,"href":"https:\/\/leinwandmieten.at\/index.php?rest_route=\/wp\/v2\/pages\/240\/revisions\/422"}],"wp:attachment":[{"href":"https:\/\/leinwandmieten.at\/index.php?rest_route=%2Fwp%2Fv2%2Fmedia&parent=240"}],"curies":[{"name":"wp","href":"https:\/\/api.w.org\/{rel}","templated":true}]}}