{"id":238,"date":"2019-10-22T06:55:39","date_gmt":"2019-10-22T06:55:39","guid":{"rendered":"http:\/\/leinwandmieten.at\/?page_id=238"},"modified":"2019-10-22T12:21:58","modified_gmt":"2019-10-22T12:21:58","slug":"rueckprojektion-365-x-210-cm","status":"publish","type":"page","link":"https:\/\/leinwandmieten.at\/?page_id=238","title":{"rendered":"R\u00fcckprojektion 365 x 210 cm"},"content":{"rendered":"\n<h2 class=\"wp-block-heading\">Leinwand Verleih in Wien &#8211; Mieten Sie in Wien eine R\u00fcckprojektionsleinwand im 16:9 Format mit 365&#215;210 cm! <\/h2>\n\n\n\n<p>Mit ihren 365 x 210 Zentimetern ist diese Leinwand aus unserem Verleih in Wien gr\u00f6\u00dfer, als man denkt. Immerhin: Der Breite nach mieten Sie eine Leinwand, die in etwa so lang ist, wie zwei durchschnittliche Menschen \u00fcbereinander hoch w\u00e4ren!<\/p>\n\n\n\n<p>Ganz sch\u00f6n gro\u00df, also. In manchen F\u00e4llen braucht man aber eben so eine gro\u00dfe Leinwand. In unserem Verleih haben Sie die Option aus Front- oder R\u00fcckprojektion. Hier geht es um das Modell mit dem speziellen Tuch f\u00fcr die gewohnte Projektion von vorne. Der Projektor steht also hinter der Leinwand, das Tuch ist transluzent. Die Leinwand mit Tuch f\u00fcr die klassische Frontprojektion finden Sie <a href=\"https:\/\/leinwandmieten.at\/?page_id=237\" target=\"_blank\" rel=\"noreferrer noopener\" aria-label=\" (\u00f6ffnet in neuem Tab)\">hier!<\/a><\/p>\n\n\n\n<figure class=\"wp-block-image\"><img loading=\"lazy\" decoding=\"async\" width=\"534\" height=\"400\" src=\"https:\/\/leinwandmieten.at\/wp-content\/uploads\/2019\/10\/Leinwand.png\" alt=\"\" class=\"wp-image-364\" srcset=\"https:\/\/leinwandmieten.at\/wp-content\/uploads\/2019\/10\/Leinwand.png 534w, https:\/\/leinwandmieten.at\/wp-content\/uploads\/2019\/10\/Leinwand-300x225.png 300w\" sizes=\"auto, (max-width: 534px) 100vw, 534px\" \/><figcaption>Leinwand Verleih Wien: Mieten Sie die passende Leinwand &#8211; bis zu 6 Meter Bildbreite!<br><\/figcaption><\/figure>\n\n\n\n<h2 class=\"wp-block-heading\">Leinwand in Wien mieten? Einfach aus unserem Verleih! <\/h2>\n\n\n\n<p>Mieten Sie bei uns in Wien Leinw\u00e4nde in unterschiedlichen Gr\u00f6\u00dfen. In unserem Verleih sind Dimensionen von 2,80 Metern Bildbreite bis hin zu enormen 6 Metern verf\u00fcgbar! Bedenken Sie dabei, dass Sie auch einen passenden Projektor zur Leinwand ben\u00f6tigen, denn: Bereits wenige Zentimeter mehr auf einer Seite (Breite, H\u00f6he) bewirken ein exponentielles Anwachsen der Quadratmeterfl\u00e4che. W\u00e4hrend 3,65 x 2,10 Meter eine Fl\u00e4che von etwa 7,6 Quadratmetern ergeben, steigt diese bei 4,00 x 2,34 Metern bereits auf etwa 9,3 Quadratmeter. Die scheinbar wenigen Zentimeter bewirken hier bereits eine Steigerung der Bildfl\u00e4che um rund 22 Prozent!<\/p>\n\n\n\n<h2 class=\"wp-block-heading\">Mieten Sie den passenden Beamer f\u00fcr die gro\u00dfe Leinwand! <\/h2>\n\n\n\n<p>Je nach Quadratmeterzahl der Bildfl\u00e4che und weiteren Variablen (Umgebungslicht etc., &#8230;) ben\u00f6tigen Sie einen entsprechend starken Projektor f\u00fcr das gute Bild. Bei einer Gr\u00f6\u00dfe von 3,65 x 2,10 Metern empfehlen wir auf jeden Fall Ger\u00e4te mit einer Lichtleistung von mehr als 5.000 ANSI Lumen! Beispielsweise: <a rel=\"noreferrer noopener\" aria-label=\"5.000 ANSI WUXGA (\u00f6ffnet in neuem Tab)\" href=\"https:\/\/leinwandmieten.at\/?page_id=277\" target=\"_blank\">5.000 ANSI WUXGA<\/a>, <a rel=\"noreferrer noopener\" aria-label=\"6.000 ANSI WXGA (\u00f6ffnet in neuem Tab)\" href=\"https:\/\/leinwandmieten.at\/?page_id=351\" target=\"_blank\">6.000 ANSI WXGA<\/a>, <a rel=\"noreferrer noopener\" aria-label=\"8.000 ANSI WXGA (\u00f6ffnet in neuem Tab)\" href=\"https:\/\/leinwandmieten.at\/?page_id=59\" target=\"_blank\">8.000 ANSI WXGA<\/a>, <a rel=\"noreferrer noopener\" aria-label=\"8.500 ANSI WUXGA (\u00f6ffnet in neuem Tab)\" href=\"https:\/\/leinwandmieten.at\/?page_id=58\" target=\"_blank\">8.500 ANSI WUXGA<\/a>,  <a rel=\"noreferrer noopener\" aria-label=\"10.600 ANSI WUXGA (\u00f6ffnet in neuem Tab)\" href=\"https:\/\/leinwandmieten.at\/?page_id=276\" target=\"_blank\">10.600 ANSI WUXGA<\/a>, <a rel=\"noreferrer noopener\" aria-label=\"20.000 ANSI FullHD (\u00f6ffnet in neuem Tab)\" href=\"https:\/\/leinwandmieten.at\/?page_id=55\" target=\"_blank\">20.000 ANSI FullHD<\/a>.<\/p>\n\n\n\n<p><\/p>\n\n\n\n<h2 class=\"wp-block-heading\">Kurzdistanz und Ultra-Kurzdistanz Beamer mieten!<\/h2>\n\n\n\n<p>Praktisch: Nutzen Sie die M\u00f6glichkeiten von Kurzdistanz- und <a href=\"_wp_link_placeholder\">Ultrakurzdistanz Projektoren<\/a>! Dadurch kann die Leinwand trotz r\u00fcckw\u00e4rtiger Projektion nahe an der Wand stehenbleiben!<\/p>\n\n\n\n<p><\/p>\n\n\n\n<h2 class=\"wp-block-heading\">Leinwand Verleih in Wien? Hier: <\/h2>\n\n\n\n<p>Ger\u00e4tebezeichnung: Leinwand 365*210, Aufpro<\/p>\n\n\n\n<p>Tagesmietpreis: 94,00<\/p>\n\n\n\n<p><strong><em><a href=\"http:\/\/beamermieten.at\/kontakt-impressum\/\" target=\"_blank\" rel=\"noreferrer noopener\">Kontaktieren Sie uns!<\/a><\/em><\/strong><\/p>\n","protected":false},"excerpt":{"rendered":"<p>Leinwand Verleih in Wien &#8211; Mieten Sie in Wien eine R\u00fcckprojektionsleinwand im 16:9 Format mit 365&#215;210 cm! Mit ihren 365 x 210 Zentimetern ist diese Leinwand aus unserem Verleih in Wien gr\u00f6\u00dfer, als man denkt. Immerhin: Der Breite nach mieten Sie eine Leinwand, die in etwa so lang ist, wie zwei durchschnittliche Menschen \u00fcbereinander hoch &hellip; <\/p>\n<p class=\"link-more\"><a href=\"https:\/\/leinwandmieten.at\/?page_id=238\" class=\"more-link\"><span class=\"screen-reader-text\">\u201eR\u00fcckprojektion 365 x 210 cm\u201c<\/span> weiterlesen<\/a><\/p>\n","protected":false},"author":1,"featured_media":0,"parent":0,"menu_order":0,"comment_status":"closed","ping_status":"closed","template":"","meta":{"_exactmetrics_skip_tracking":false,"_exactmetrics_sitenote_active":false,"_exactmetrics_sitenote_note":"","_exactmetrics_sitenote_category":0,"footnotes":""},"class_list":["post-238","page","type-page","status-publish","hentry"],"aioseo_notices":[],"_links":{"self":[{"href":"https:\/\/leinwandmieten.at\/index.php?rest_route=\/wp\/v2\/pages\/238","targetHints":{"allow":["GET"]}}],"collection":[{"href":"https:\/\/leinwandmieten.at\/index.php?rest_route=\/wp\/v2\/pages"}],"about":[{"href":"https:\/\/leinwandmieten.at\/index.php?rest_route=\/wp\/v2\/types\/page"}],"author":[{"embeddable":true,"href":"https:\/\/leinwandmieten.at\/index.php?rest_route=\/wp\/v2\/users\/1"}],"replies":[{"embeddable":true,"href":"https:\/\/leinwandmieten.at\/index.php?rest_route=%2Fwp%2Fv2%2Fcomments&post=238"}],"version-history":[{"count":4,"href":"https:\/\/leinwandmieten.at\/index.php?rest_route=\/wp\/v2\/pages\/238\/revisions"}],"predecessor-version":[{"id":386,"href":"https:\/\/leinwandmieten.at\/index.php?rest_route=\/wp\/v2\/pages\/238\/revisions\/386"}],"wp:attachment":[{"href":"https:\/\/leinwandmieten.at\/index.php?rest_route=%2Fwp%2Fv2%2Fmedia&parent=238"}],"curies":[{"name":"wp","href":"https:\/\/api.w.org\/{rel}","templated":true}]}}