{"id":148,"date":"2017-11-19T01:49:02","date_gmt":"2017-11-19T01:49:02","guid":{"rendered":"http:\/\/leinwandmieten.at\/?page_id=148"},"modified":"2017-11-19T03:07:57","modified_gmt":"2017-11-19T03:07:57","slug":"powerpoint-presenter-verleih-wien","status":"publish","type":"page","link":"https:\/\/leinwandmieten.at\/?page_id=148","title":{"rendered":"PowerPoint Presenter"},"content":{"rendered":"<h1>Verleih in Wien: PowerPoint Presenter mit Laserpointer.<\/h1>\n<p>&nbsp;<\/p>\n<p>Bei uns in Wien zur Miete. Entfernen Sie sich vom Computer. Werden Sie frei und pr\u00e4sentieren Sie dynamisch &#8211; ohne st\u00e4ndig auf der Computertastatur von Slide zu Slide zu clicken.<\/p>\n<figure id=\"attachment_164\" aria-describedby=\"caption-attachment-164\" style=\"width: 300px\" class=\"wp-caption alignnone\"><img loading=\"lazy\" decoding=\"async\" class=\"size-full wp-image-164\" src=\"https:\/\/leinwandmieten.at\/wp-content\/uploads\/2017\/11\/PowerPointPresenter.png\" alt=\"\" width=\"300\" height=\"258\" \/><figcaption id=\"caption-attachment-164\" class=\"wp-caption-text\">PowerPoint Presenter &#8211; Kleines Ding mit enormer Wirkung!<\/figcaption><\/figure>\n<p>&nbsp;<\/p>\n<p>Mit einem kabellosen PowerPoint Presenter k\u00f6nnen Sie Ihre Pr\u00e4sentation fernsteuern. Dabei sind Sie nicht an den Computer gebunden und halten den Kontakt mit dem Auditorium aufrecht: So sieht professionelles Pr\u00e4sentieren aus!<\/p>\n<p>Weiteres Zubeh\u00f6r im Bereich <a href=\"http:\/\/beamermieten.at\/av-technik-zubehor\/\">AV-Technik \/ Zubeh\u00f6r<\/a> bzw. im Punkt <a href=\"http:\/\/beamermieten.at\/service\/\">Service<\/a>.<\/p>\n<p><a href=\"http:\/\/beamermieten.at\/kontakt-impressum\/\" target=\"_blank\" rel=\"noopener\">Kontaktieren Sie uns<\/a> oder nutzen Sie zur Anfrage einfach das untenstehende Formular.<\/p>\n<p>Ger\u00e4tebezeichnung: LOGITECH R-400<\/p>\n<p>Tagesmietpreis: 7,00 Euro<\/p>\n<p>&nbsp;<\/p>\n","protected":false},"excerpt":{"rendered":"<p>Verleih in Wien: PowerPoint Presenter mit Laserpointer. &nbsp; Bei uns in Wien zur Miete. Entfernen Sie sich vom Computer. Werden Sie frei und pr\u00e4sentieren Sie dynamisch &#8211; ohne st\u00e4ndig auf der Computertastatur von Slide zu Slide zu clicken. &nbsp; Mit einem kabellosen PowerPoint Presenter k\u00f6nnen Sie Ihre Pr\u00e4sentation fernsteuern. Dabei sind Sie nicht an den &hellip; <\/p>\n<p class=\"link-more\"><a href=\"https:\/\/leinwandmieten.at\/?page_id=148\" class=\"more-link\"><span class=\"screen-reader-text\">\u201ePowerPoint Presenter\u201c<\/span> weiterlesen<\/a><\/p>\n","protected":false},"author":1,"featured_media":0,"parent":0,"menu_order":0,"comment_status":"closed","ping_status":"closed","template":"","meta":{"_exactmetrics_skip_tracking":false,"_exactmetrics_sitenote_active":false,"_exactmetrics_sitenote_note":"","_exactmetrics_sitenote_category":0,"footnotes":""},"class_list":["post-148","page","type-page","status-publish","hentry"],"aioseo_notices":[],"_links":{"self":[{"href":"https:\/\/leinwandmieten.at\/index.php?rest_route=\/wp\/v2\/pages\/148","targetHints":{"allow":["GET"]}}],"collection":[{"href":"https:\/\/leinwandmieten.at\/index.php?rest_route=\/wp\/v2\/pages"}],"about":[{"href":"https:\/\/leinwandmieten.at\/index.php?rest_route=\/wp\/v2\/types\/page"}],"author":[{"embeddable":true,"href":"https:\/\/leinwandmieten.at\/index.php?rest_route=\/wp\/v2\/users\/1"}],"replies":[{"embeddable":true,"href":"https:\/\/leinwandmieten.at\/index.php?rest_route=%2Fwp%2Fv2%2Fcomments&post=148"}],"version-history":[{"count":4,"href":"https:\/\/leinwandmieten.at\/index.php?rest_route=\/wp\/v2\/pages\/148\/revisions"}],"predecessor-version":[{"id":165,"href":"https:\/\/leinwandmieten.at\/index.php?rest_route=\/wp\/v2\/pages\/148\/revisions\/165"}],"wp:attachment":[{"href":"https:\/\/leinwandmieten.at\/index.php?rest_route=%2Fwp%2Fv2%2Fmedia&parent=148"}],"curies":[{"name":"wp","href":"https:\/\/api.w.org\/{rel}","templated":true}]}}