{"id":135,"date":"2017-11-18T22:48:19","date_gmt":"2017-11-18T22:48:19","guid":{"rendered":"http:\/\/leinwandmieten.at\/?page_id=135"},"modified":"2017-11-23T10:39:32","modified_gmt":"2017-11-23T10:39:32","slug":"leinwandverleih-beamerverleih-wien","status":"publish","type":"page","link":"https:\/\/leinwandmieten.at\/?page_id=135","title":{"rendered":"Betreuung Ihrer Veranstaltung"},"content":{"rendered":"<h1>Beamer und Leinwand Verleih Wien: Wir betreuen Ihre Veranstaltung!<\/h1>\n<p>&nbsp;<\/p>\n<p>Fragen bei Beamerverleih und Leinwand mieten in Wien? Dann sind Sie bei uns richtig. Wir nehmen uns die Zeit, um das f\u00fcr Sie wirklich passende Produkt auszuw\u00e4hlen.<\/p>\n<figure id=\"attachment_114\" aria-describedby=\"caption-attachment-114\" style=\"width: 534px\" class=\"wp-caption alignnone\"><img loading=\"lazy\" decoding=\"async\" class=\"size-full wp-image-114\" src=\"https:\/\/leinwandmieten.at\/wp-content\/uploads\/2017\/11\/Leinwand.png\" alt=\"\" width=\"534\" height=\"400\" srcset=\"https:\/\/leinwandmieten.at\/wp-content\/uploads\/2017\/11\/Leinwand.png 534w, https:\/\/leinwandmieten.at\/wp-content\/uploads\/2017\/11\/Leinwand-300x225.png 300w\" sizes=\"auto, (max-width: 534px) 100vw, 534px\" \/><figcaption id=\"caption-attachment-114\" class=\"wp-caption-text\">R\u00fcckprojektion Leinwand. Transportabel und dennoch gro\u00df mit bis zu 4,00&#215;3,00 Metern Bildfl\u00e4che.<\/figcaption><\/figure>\n<p>&nbsp;<\/p>\n<p>Insbesondere im Fall gro\u00dfer Projektoren kann es manchmal gut sein, einen erfahrenen Partner an der Seite zu haben. Vielleicht ist es Ihnen lieber, wen wir den knapp 100 Kilogramm schweren 20.000 ANSI Lumen Projektor mit Full HD Aufl\u00f6sung in Wien liefern?<\/p>\n<figure id=\"attachment_187\" aria-describedby=\"caption-attachment-187\" style=\"width: 525px\" class=\"wp-caption alignnone\"><a href=\"https:\/\/leinwandmieten.at\/wp-content\/uploads\/2017\/11\/IMG_2256.jpg\"><img loading=\"lazy\" decoding=\"async\" class=\"size-large wp-image-187\" src=\"https:\/\/leinwandmieten.at\/wp-content\/uploads\/2017\/11\/IMG_2256-1024x768.jpg\" alt=\"\" width=\"525\" height=\"394\" srcset=\"https:\/\/leinwandmieten.at\/wp-content\/uploads\/2017\/11\/IMG_2256-1024x768.jpg 1024w, https:\/\/leinwandmieten.at\/wp-content\/uploads\/2017\/11\/IMG_2256-300x225.jpg 300w, https:\/\/leinwandmieten.at\/wp-content\/uploads\/2017\/11\/IMG_2256-768x576.jpg 768w\" sizes=\"auto, (max-width: 525px) 100vw, 525px\" \/><\/a><figcaption id=\"caption-attachment-187\" class=\"wp-caption-text\">Anschlussfeld Barco FLM HD20 &#8211; 20.000 ANSI Lumen, Full HD<\/figcaption><\/figure>\n<p>&nbsp;<\/p>\n<p>Gro\u00dfe Projektoren sind mitunter relativ komplexe Maschinen. Um das Optimum herauszuholen, sollten Sie mit den Ger\u00e4ten vertraut sein &#8211; wir \u00fcbernehmen das sehr gerne f\u00fcr Sie und sind gerne f\u00fcr Sie da.<\/p>\n<figure id=\"attachment_186\" aria-describedby=\"caption-attachment-186\" style=\"width: 525px\" class=\"wp-caption alignnone\"><a href=\"https:\/\/leinwandmieten.at\/wp-content\/uploads\/2017\/11\/IMG_2246.jpg\"><img loading=\"lazy\" decoding=\"async\" class=\"size-large wp-image-186\" src=\"https:\/\/leinwandmieten.at\/wp-content\/uploads\/2017\/11\/IMG_2246-1024x768.jpg\" alt=\"\" width=\"525\" height=\"394\" srcset=\"https:\/\/leinwandmieten.at\/wp-content\/uploads\/2017\/11\/IMG_2246-1024x768.jpg 1024w, https:\/\/leinwandmieten.at\/wp-content\/uploads\/2017\/11\/IMG_2246-300x225.jpg 300w, https:\/\/leinwandmieten.at\/wp-content\/uploads\/2017\/11\/IMG_2246-768x576.jpg 768w\" sizes=\"auto, (max-width: 525px) 100vw, 525px\" \/><\/a><figcaption id=\"caption-attachment-186\" class=\"wp-caption-text\">Titan HD600 &#8211; 8.000 ANSI Lumen HD Beamer mit erweitertem Anschlusspanel.<\/figcaption><\/figure>\n<p>&nbsp;<\/p>\n<p>Viele unserer Ger\u00e4te sind aber auch ganz einfach selbst zu bedienen. Nicht \u00fcberall ist dezidierte Fachkenntnis erforderlich. Unser Ultrakurzdistanz <a href=\"https:\/\/leinwandmieten.at\/?page_id=62\" target=\"_blank\" rel=\"noopener\">Projektor von NEC mit 3.100 ANSI Lumen<\/a> kann auch von Laien gut bedient werden.<\/p>\n<p>Wir betreuen Ihre Veranstaltung zu einem Stundensatz von 96,00 Euro. Bei Ganztagen beziehungsweise umfangreicheren Arbeiten vereinbaren wir Pauschalen. <a href=\"https:\/\/leinwandmieten.at\/?page_id=9\" target=\"_blank\" rel=\"noopener\">Kontaktieren Sie uns bei etwaigen Fragen zu Ihrem Projekt!<\/a><\/p>\n","protected":false},"excerpt":{"rendered":"<p>Beamer und Leinwand Verleih Wien: Wir betreuen Ihre Veranstaltung! &nbsp; Fragen bei Beamerverleih und Leinwand mieten in Wien? Dann sind Sie bei uns richtig. Wir nehmen uns die Zeit, um das f\u00fcr Sie wirklich passende Produkt auszuw\u00e4hlen. &nbsp; Insbesondere im Fall gro\u00dfer Projektoren kann es manchmal gut sein, einen erfahrenen Partner an der Seite zu &hellip; <\/p>\n<p class=\"link-more\"><a href=\"https:\/\/leinwandmieten.at\/?page_id=135\" class=\"more-link\"><span class=\"screen-reader-text\">\u201eBetreuung Ihrer Veranstaltung\u201c<\/span> weiterlesen<\/a><\/p>\n","protected":false},"author":1,"featured_media":0,"parent":0,"menu_order":0,"comment_status":"closed","ping_status":"closed","template":"","meta":{"_exactmetrics_skip_tracking":false,"_exactmetrics_sitenote_active":false,"_exactmetrics_sitenote_note":"","_exactmetrics_sitenote_category":0,"footnotes":""},"class_list":["post-135","page","type-page","status-publish","hentry"],"aioseo_notices":[],"_links":{"self":[{"href":"https:\/\/leinwandmieten.at\/index.php?rest_route=\/wp\/v2\/pages\/135","targetHints":{"allow":["GET"]}}],"collection":[{"href":"https:\/\/leinwandmieten.at\/index.php?rest_route=\/wp\/v2\/pages"}],"about":[{"href":"https:\/\/leinwandmieten.at\/index.php?rest_route=\/wp\/v2\/types\/page"}],"author":[{"embeddable":true,"href":"https:\/\/leinwandmieten.at\/index.php?rest_route=\/wp\/v2\/users\/1"}],"replies":[{"embeddable":true,"href":"https:\/\/leinwandmieten.at\/index.php?rest_route=%2Fwp%2Fv2%2Fcomments&post=135"}],"version-history":[{"count":7,"href":"https:\/\/leinwandmieten.at\/index.php?rest_route=\/wp\/v2\/pages\/135\/revisions"}],"predecessor-version":[{"id":192,"href":"https:\/\/leinwandmieten.at\/index.php?rest_route=\/wp\/v2\/pages\/135\/revisions\/192"}],"wp:attachment":[{"href":"https:\/\/leinwandmieten.at\/index.php?rest_route=%2Fwp%2Fv2%2Fmedia&parent=135"}],"curies":[{"name":"wp","href":"https:\/\/api.w.org\/{rel}","templated":true}]}}